{"id":1621,"date":"2023-08-30T11:39:45","date_gmt":"2023-08-30T09:39:45","guid":{"rendered":"https:\/\/www.maselcarrer.com\/?page_id=1621"},"modified":"2025-03-14T17:26:51","modified_gmt":"2025-03-14T15:26:51","slug":"politique-de-cookies","status":"publish","type":"page","link":"https:\/\/www.maselcarrer.com\/fr\/accueil\/politique-de-cookies\/","title":{"rendered":"Politique de cookies"},"content":{"rendered":"<div class=\"wpb-content-wrapper\"><p>[vc_row css_animation=\u00a0\u00bb\u00a0\u00bb row_type=\u00a0\u00bbrow\u00a0\u00bb use_row_as_full_screen_section=\u00a0\u00bbno\u00a0\u00bb type=\u00a0\u00bbfull_width\u00a0\u00bb angled_section=\u00a0\u00bbno\u00a0\u00bb text_align=\u00a0\u00bbleft\u00a0\u00bb background_image_as_pattern=\u00a0\u00bbwithout_pattern\u00a0\u00bb z_index=\u00a0\u00bb\u00a0\u00bb][vc_column][vc_single_image image=\u00a0\u00bb1341&Prime; img_size=\u00a0\u00bbfull\u00a0\u00bb alignment=\u00a0\u00bbcenter\u00a0\u00bb qode_css_animation=\u00a0\u00bb\u00a0\u00bb][\/vc_column][\/vc_row][vc_row css_animation=\u00a0\u00bb\u00a0\u00bb row_type=\u00a0\u00bbrow\u00a0\u00bb use_row_as_full_screen_section=\u00a0\u00bbno\u00a0\u00bb type=\u00a0\u00bbgrid\u00a0\u00bb angled_section=\u00a0\u00bbno\u00a0\u00bb text_align=\u00a0\u00bbleft\u00a0\u00bb background_image_as_pattern=\u00a0\u00bbwithout_pattern\u00a0\u00bb z_index=\u00a0\u00bb\u00a0\u00bb padding_top=\u00a0\u00bb30&Prime;][vc_column][vc_column_text]<\/p>\r\n<p style=\"text-align: right;\"><a href=\"\/fr\">Accueil<\/a> &gt; Politique de cookies<\/p>\r\n<p>[\/vc_column_text][\/vc_column][\/vc_row][vc_row css_animation=\u00a0\u00bb\u00a0\u00bb row_type=\u00a0\u00bbrow\u00a0\u00bb use_row_as_full_screen_section=\u00a0\u00bbno\u00a0\u00bb type=\u00a0\u00bbgrid\u00a0\u00bb angled_section=\u00a0\u00bbno\u00a0\u00bb text_align=\u00a0\u00bbleft\u00a0\u00bb background_image_as_pattern=\u00a0\u00bbwithout_pattern\u00a0\u00bb z_index=\u00a0\u00bb\u00a0\u00bb padding_top=\u00a0\u00bb50&Prime; padding_bottom=\u00a0\u00bb75&Prime; anchor=\u00a0\u00bbinici\u00a0\u00bb][vc_column][vc_column_text css=\u00a0\u00bb\u00a0\u00bb]<\/p>\r\n\r\n<h1 class=\"wp-block-heading\">Politique de cookies<\/h1>\r\n<p>[vc_empty_space height=\u00a0\u00bb75px\u00a0\u00bb] Un cookie est un fichier t\u00e9l\u00e9charg\u00e9 sur votre ordinateur lorsque vous acc\u00e9dez \u00e0 certaines pages Web. Les cookies permettent, entre autres, \u00e0 un site Web de stocker et de r\u00e9cup\u00e9rer des informations sur les habitudes de navigation d&rsquo;un utilisateur ou de son \u00e9quipement et, en fonction des informations qu&rsquo;ils contiennent et de la mani\u00e8re dont il utilise son \u00e9quipement, ils peuvent \u00eatre utilis\u00e9s pour reconna\u00eetre l&rsquo;utilisateur. \u00a0 Les cookies sont essentiels au fonctionnement d&rsquo;Internet, offrant d&rsquo;innombrables avantages dans la fourniture de services interactifs, facilitant la navigation et la convivialit\u00e9 de notre site Web. \u00a0 Les informations que nous fournissons ci-dessous vous aideront \u00e0 comprendre les diff\u00e9rents types de cookies: \u00a0 [vc_empty_space height=\u00a0\u00bb50px\u00a0\u00bb]<\/p>\r\n<h2>Nature des cookies<\/h2>\r\n<p>[vc_separator type=\u00a0\u00bbsmall\u00a0\u00bb position=\u00a0\u00bbleft\u00a0\u00bb up=\u00a0\u00bb15&Prime; down=\u00a0\u00bb40&Prime; color=\u00a0\u00bb#000000&Prime; transparency=\u00a0\u00bb1&Prime; thickness=\u00a0\u00bb2&Prime; width=\u00a0\u00bb100&Prime;]<\/p>\r\n<ul>\r\n<li style=\"list-style-type: none;\">\r\n<ul>\r\n<li style=\"list-style-type: none;\">\r\n<ul>\r\n<li><strong>SELON L\u2019ENTIT\u00c9 QUI LES G\u00c8RE:<\/strong>\r\n<ul>\r\n<li style=\"list-style-type: none;\">\r\n<ul>\r\n<li>Cookies propres: sont ceux qui sont collect\u00e9s par l&rsquo;\u00e9diteur lui-m\u00eame pour fournir le service demand\u00e9 par l&rsquo;utilisateur.<\/li>\r\n<li>Cookies tiers: ce sont ceux qui sont collect\u00e9s et g\u00e9r\u00e9s par un tiers, ils ne peuvent pas \u00eatre consid\u00e9r\u00e9s comme les siens.<\/li>\r\n<\/ul>\r\n<\/li>\r\n<\/ul>\r\n<\/li>\r\n<\/ul>\r\n<\/li>\r\n<\/ul>\r\n<\/li>\r\n<\/ul>\r\n<p>[vc_empty_space height=\u00a0\u00bb50px\u00a0\u00bb]<\/p>\r\n<ul>\r\n<li style=\"list-style-type: none;\">\r\n<ul>\r\n<li style=\"list-style-type: none;\">\r\n<ul>\r\n<li><strong>SELON LA P\u00c9RIODE DE TEMPS, ILS RESTERONT ACTIV\u00c9S:<\/strong>\r\n<ul>\r\n<li style=\"list-style-type: none;\">\r\n<ul>\r\n<li>Cookies de session: ils collectent des donn\u00e9es pendant que l&rsquo;utilisateur navigue sur le Web afin de fournir le service demand\u00e9.<\/li>\r\n<li>Cookies persistants: ils sont stock\u00e9s dans le terminal et les informations obtenues seront utilis\u00e9es par le responsable du cookie afin de fournir le service demand\u00e9.<\/li>\r\n<\/ul>\r\n<\/li>\r\n<\/ul>\r\n<\/li>\r\n<\/ul>\r\n<\/li>\r\n<\/ul>\r\n<\/li>\r\n<\/ul>\r\n<p>[vc_empty_space height=\u00a0\u00bb50px\u00a0\u00bb]<\/p>\r\n<ul>\r\n<li style=\"list-style-type: none;\">\r\n<ul>\r\n<li style=\"list-style-type: none;\">\r\n<ul>\r\n<li><strong>SELON LE BUT:<\/strong>\r\n<ul>\r\n<li style=\"list-style-type: none;\">\r\n<ul>\r\n<li>Cookies techniques: ils sont n\u00e9cessaires \u00e0 une navigation correcte sur le site Internet.<\/li>\r\n<li>Cookies de personnalisation : permettent \u00e0 l&rsquo;utilisateur de conna\u00eetre les caract\u00e9ristiques (langue) de navigation sur le Web.<\/li>\r\n<li>Cookies d&rsquo;analyse: permettent au pr\u00eateur d&rsquo;analyser la navigation effectu\u00e9e par l&rsquo;utilisateur, afin de suivre l&rsquo;utilisation du site Internet, ainsi que d&rsquo;\u00e9tablir des statistiques sur les contenus les plus visit\u00e9s, le nombre de visiteurs, etc.<\/li>\r\n<li>Cookies publicitaires: permettent \u00e0 l&rsquo;\u00e9diteur d&rsquo;inclure des espaces publicitaires sur le site, en fonction du contenu du site lui-m\u00eame.<\/li>\r\n<li>Cookies de publicit\u00e9 comportementale: ils permettent \u00e0 l&rsquo;\u00e9diteur d&rsquo;inclure des espaces publicitaires sur le site Internet en fonction des informations obtenues gr\u00e2ce aux habitudes de navigation de l&rsquo;utilisateur.<\/li>\r\n<\/ul>\r\n<\/li>\r\n<\/ul>\r\n<\/li>\r\n<\/ul>\r\n<\/li>\r\n<\/ul>\r\n<\/li>\r\n<\/ul>\r\n<p>&nbsp;<\/p>\r\n<p>Conform\u00e9ment aux dispositions de l&rsquo;article 22.2 de la loi 34\/2002 du 11 juillet sur les services de la soci\u00e9t\u00e9 de l&rsquo;information et du commerce \u00e9lectronique (LSSI-CE), EL CARRER TURISME RURAL SL informe sur les cookies utilis\u00e9s sur notre site Web (cookies propres et tiers) pour le finalit\u00e9s d\u00e9crites ci-dessous: \u00a0<\/p>\r\n<p>&nbsp;<\/p>\r\n\n<table id=\"tablepress-4\" class=\"tablepress tablepress-id-4\">\n<thead>\n<tr class=\"row-1\">\n\t<th class=\"column-1\">NOM<\/th><th class=\"column-2\">TIPUS<\/th><th class=\"column-3\">ORIGEN<\/th><th class=\"column-4\">DURACI\u00d3<\/th><th class=\"column-5\">FUNCI\u00d3<\/th>\n<\/tr>\n<\/thead>\n<tbody class=\"row-striping row-hover\">\n<tr class=\"row-2\">\n\t<td class=\"column-1\">wpEmojiSettingsSupports<\/td><td class=\"column-2\">Fonctionnel<\/td><td class=\"column-3\">WordPress<\/td><td class=\"column-4\">Session<\/td><td class=\"column-5\">Stocke les d\u00e9tails du navigateur<\/td>\n<\/tr>\n<tr class=\"row-3\">\n\t<td class=\"column-1\">__utmz<\/td><td class=\"column-2\">Statistiques<\/td><td class=\"column-3\">Google Analytics<\/td><td class=\"column-4\">6 mois<\/td><td class=\"column-5\">Stocke les mots-cl\u00e9s et le moteur de recherche utilis\u00e9s<\/td>\n<\/tr>\n<tr class=\"row-4\">\n\t<td class=\"column-1\">_gid<\/td><td class=\"column-2\">Statistiques<\/td><td class=\"column-3\">Google Analytics<\/td><td class=\"column-4\">1 jour<\/td><td class=\"column-5\">Compter et suivre les pages vues<\/td>\n<\/tr>\n<tr class=\"row-5\">\n\t<td class=\"column-1\">__utmc<\/td><td class=\"column-2\">Statistiques<\/td><td class=\"column-3\">Google Analytics<\/td><td class=\"column-4\">30 minutes<\/td><td class=\"column-5\">Heure de visite en magasin<\/td>\n<\/tr>\n<tr class=\"row-6\">\n\t<td class=\"column-1\">__utma<\/td><td class=\"column-2\">Statistiques<\/td><td class=\"column-3\">Google Analytics<\/td><td class=\"column-4\">Persistant<\/td><td class=\"column-5\">Calculer les jours et heures d'achat<\/td>\n<\/tr>\n<tr class=\"row-7\">\n\t<td class=\"column-1\">__utmb<\/td><td class=\"column-2\">Statistiques<\/td><td class=\"column-3\">Google Analytics<\/td><td class=\"column-4\">Session<\/td><td class=\"column-5\">Heure de visite en magasin<\/td>\n<\/tr>\n<tr class=\"row-8\">\n\t<td class=\"column-1\">_ga_*<\/td><td class=\"column-2\">Statistiques<\/td><td class=\"column-3\">Google Analytics<\/td><td class=\"column-4\">1 ann\u00e9e<\/td><td class=\"column-5\">Compter et suivre les pages vues<\/td>\n<\/tr>\n<tr class=\"row-9\">\n\t<td class=\"column-1\">_ga<\/td><td class=\"column-2\">Statistiques<\/td><td class=\"column-3\">Google Analytics<\/td><td class=\"column-4\">2 ans<\/td><td class=\"column-5\">Compter et suivre les pages vues<\/td>\n<\/tr>\n<tr class=\"row-10\">\n\t<td class=\"column-1\">wp-wpml_current_language<\/td><td class=\"column-2\">Fonctionnel<\/td><td class=\"column-3\">WPML<\/td><td class=\"column-4\">1 jour<\/td><td class=\"column-5\">Enregistrer les param\u00e8tres de langue<\/td>\n<\/tr>\n<tr class=\"row-11\">\n\t<td class=\"column-1\">rc::c<\/td><td class=\"column-2\">Commercialisation\/Suivi<\/td><td class=\"column-3\">Google reCAPTCHA<\/td><td class=\"column-4\">Session<\/td><td class=\"column-5\">Filtrer les demandes des robots<\/td>\n<\/tr>\n<tr class=\"row-12\">\n\t<td class=\"column-1\">rc::b<\/td><td class=\"column-2\">Commercialisation\/Suivi<\/td><td class=\"column-3\">Google reCAPTCHA<\/td><td class=\"column-4\">Session<\/td><td class=\"column-5\">Filtrer les demandes des robots<\/td>\n<\/tr>\n<tr class=\"row-13\">\n\t<td class=\"column-1\">rc::a<\/td><td class=\"column-2\">Commercialisation\/Suivi<\/td><td class=\"column-3\">Google reCAPTCHA<\/td><td class=\"column-4\">Persistant<\/td><td class=\"column-5\">Filtrer les demandes des robots<\/td>\n<\/tr>\n<tr class=\"row-14\">\n\t<td class=\"column-1\">Google Maps API<\/td><td class=\"column-2\">Commercialisation\/Suivi<\/td><td class=\"column-3\">Google Maps<\/td><td class=\"column-4\">Aucun<\/td><td class=\"column-5\">Demander l'adresse IP de l'utilisateur<\/td>\n<\/tr>\n<\/tbody>\n<\/table>\n<!-- #tablepress-4 from cache -->\r\n<p>&nbsp;<\/p>\r\n<p>EL CARRER TURISME RURAL SL informe que ce site Web utilise Google Analytics : il stocke des cookies pour pouvoir \u00e9tablir des statistiques sur le trafic et le volume de visites sur ce site Web. En utilisant ce site Internet, vous consentez au traitement des donn\u00e9es vous concernant par Google. Par cons\u00e9quent, l\u2019exercice de tout droit \u00e0 cet \u00e9gard doit se faire en communiquant directement avec Google. \u00a0 Les cookies de Google Analytics sont stock\u00e9s sur des serveurs aux \u00c9tats-Unis et vous vous engagez \u00e0 ne pas les partager avec des tiers, sauf dans les cas o\u00f9 cela est n\u00e9cessaire au fonctionnement du syst\u00e8me ou lorsque la loi l&rsquo;exige. Selon Google, il ne stocke pas votre adresse IP. \u00a0 Google Inc est une soci\u00e9t\u00e9 adh\u00e9rant \u00e0 Privacy Shiels, qui garantit que toutes les donn\u00e9es transf\u00e9r\u00e9es seront trait\u00e9es avec un niveau de protection conforme \u00e0 la r\u00e9glementation europ\u00e9enne. Vous pouvez consulter des informations d\u00e9taill\u00e9es \u00e0 ce sujet via le lien suivant: <a href=\"https:\/\/support.google.com\/analytics\/answer\/6004245\" target=\"_blank\" rel=\"noopener noreferrer\">https:\/\/support.google.com\/analytics\/answer\/6004245<\/a>. \u00a0<\/p>\r\n<p>&nbsp;<\/p>\r\n<p>Si vous le souhaitez, vous pouvez utiliser le module compl\u00e9mentaire de navigateur de d\u00e9sactivation de Google Analytics via les instructions pour rejeter les cookies analytiques dudit service dans tous les navigateurs. Vous pouvez consulter plus d&rsquo;informations \u00e0 ce sujet sur le lien suivant: <a href=\"https:\/\/tools.google.com\/dlpage\/gaoptout\" target=\"_blank\" rel=\"noopener noreferrer\">https:\/\/tools.google.com\/dlpage\/gaoptout<\/a> \u00a0 [vc_empty_space height=\u00a0\u00bb50px\u00a0\u00bb]<\/p>\r\n<h2>Consentement<\/h2>\r\n<p>[vc_separator type=\u00a0\u00bbsmall\u00a0\u00bb position=\u00a0\u00bbleft\u00a0\u00bb up=\u00a0\u00bb15&Prime; down=\u00a0\u00bb40&Prime; color=\u00a0\u00bb#000000&Prime; transparency=\u00a0\u00bb1&Prime; thickness=\u00a0\u00bb2&Prime; width=\u00a0\u00bb100&Prime;]<\/p>\r\n<p>Lorsque vous visitez notre site Web pour la premi\u00e8re fois, nous vous montrerons un message contextuel expliquant les cookies. En cliquant sur \u00ab\u00a0Enregistrer les pr\u00e9f\u00e9rences\u00a0\u00bb, vous nous autorisez \u00e0 utiliser les cat\u00e9gories de cookies et d&rsquo;extensions que vous avez s\u00e9lectionn\u00e9es dans le message contextuel, comme d\u00e9crit dans la pr\u00e9sente politique en mati\u00e8re de cookies. Vous pouvez d\u00e9sactiver l&rsquo;utilisation de cookies via votre navigateur, mais veuillez noter que notre site Web risque de ne plus fonctionner correctement. \u00a0<\/p>\r\n<p>&nbsp;<\/p>\r\n<p>De m\u00eame, EL CARRER TURISME RURAL SL informe l&rsquo;utilisateur qu&rsquo;il a la possibilit\u00e9 de configurer son navigateur pour qu&rsquo;il soit inform\u00e9 de la r\u00e9ception de cookies, pouvant, s&rsquo;il le souhaite, emp\u00eacher leur installation sur son disque dur. \u00a0 Ci-dessous, nous fournissons des liens vers diff\u00e9rents navigateurs, \u00e0 travers lesquels vous pouvez effectuer cette configuration :<\/p>\r\n<ul>\r\n<li style=\"list-style-type: none;\">\r\n<ul>\r\n<li style=\"list-style-type: none;\">\r\n<ul>\r\n<li><a href=\"http:\/\/support.mozilla.org\/es\/kb\/habilitar-y-deshabilitar-cookies-que-los-sitios-we\" target=\"_blank\" rel=\"noopener noreferrer\">Firefox<\/a><\/li>\r\n<li><a href=\"http:\/\/support.google.com\/chrome\/bin\/answer.py?hl=es&amp;answer=95647\" target=\"_blank\" rel=\"noopener noreferrer\">Chrome<\/a><\/li>\r\n<li><a href=\"http:\/\/windows.microsoft.com\/es-es\/internet-explorer\/delete-manage-cookies#ie=ie-10\" target=\"_blank\" rel=\"noopener noreferrer\">Explorer<\/a><\/li>\r\n<li><a href=\"https:\/\/support.apple.com\/kb\/ph17191?locale=es_ES\" target=\"_blank\" rel=\"noopener noreferrer\">Safari<\/a><\/li>\r\n<li><a href=\"http:\/\/help.opera.com\/Windows\/11.50\/es-ES\/cookies.html\" target=\"_blank\" rel=\"noopener noreferrer\">Opera<\/a><\/li>\r\n<\/ul>\r\n<\/li>\r\n<\/ul>\r\n<\/li>\r\n<\/ul>\r\n<p>[\/vc_column_text][\/vc_column][\/vc_row]<\/p><\/div>","protected":false},"excerpt":{"rendered":"<p>[vc_row css_animation=\u00a0\u00bb\u00a0\u00bb row_type=\u00a0\u00bbrow\u00a0\u00bb use_row_as_full_screen_section=\u00a0\u00bbno\u00a0\u00bb type=\u00a0\u00bbfull_width\u00a0\u00bb angled_section=\u00a0\u00bbno\u00a0\u00bb text_align=\u00a0\u00bbleft\u00a0\u00bb background_image_as_pattern=\u00a0\u00bbwithout_pattern\u00a0\u00bb z_index=\u00a0\u00bb\u00a0\u00bb][vc_column][vc_single_image image=\u00a0\u00bb1341&Prime; img_size=\u00a0\u00bbfull\u00a0\u00bb alignment=\u00a0\u00bbcenter\u00a0\u00bb qode_css_animation=\u00a0\u00bb\u00a0\u00bb][\/vc_column][\/vc_row][vc_row css_animation=\u00a0\u00bb\u00a0\u00bb row_type=\u00a0\u00bbrow\u00a0\u00bb use_row_as_full_screen_section=\u00a0\u00bbno\u00a0\u00bb type=\u00a0\u00bbgrid\u00a0\u00bb angled_section=\u00a0\u00bbno\u00a0\u00bb text_align=\u00a0\u00bbleft\u00a0\u00bb background_image_as_pattern=\u00a0\u00bbwithout_pattern\u00a0\u00bb z_index=\u00a0\u00bb\u00a0\u00bb padding_top=\u00a0\u00bb30&Prime;][vc_column][vc_column_text] Accueil &gt; Politique de cookies [\/vc_column_text][\/vc_column][\/vc_row][vc_row css_animation=\u00a0\u00bb\u00a0\u00bb row_type=\u00a0\u00bbrow\u00a0\u00bb use_row_as_full_screen_section=\u00a0\u00bbno\u00a0\u00bb type=\u00a0\u00bbgrid\u00a0\u00bb angled_section=\u00a0\u00bbno\u00a0\u00bb text_align=\u00a0\u00bbleft\u00a0\u00bb background_image_as_pattern=\u00a0\u00bbwithout_pattern\u00a0\u00bb z_index=\u00a0\u00bb\u00a0\u00bb padding_top=\u00a0\u00bb50&Prime; padding_bottom=\u00a0\u00bb75&Prime; anchor=\u00a0\u00bbinici\u00a0\u00bb][vc_column][vc_column_text css=\u00a0\u00bb\u00a0\u00bb] Politique de cookies [vc_empty_space height=\u00a0\u00bb75px\u00a0\u00bb]&hellip; <a class=\"continue\" href=\"https:\/\/www.maselcarrer.com\/fr\/accueil\/politique-de-cookies\/\">CONTINUAR >><span> Politique de cookies<\/span><\/a><\/p>\n","protected":false},"author":1,"featured_media":0,"parent":1585,"menu_order":0,"comment_status":"closed","ping_status":"open","template":"full_width.php","meta":{"_joinchat":[],"footnotes":""},"class_list":["post-1621","page","type-page","status-publish","hentry"],"_links":{"self":[{"href":"https:\/\/www.maselcarrer.com\/fr\/wp-json\/wp\/v2\/pages\/1621","targetHints":{"allow":["GET"]}}],"collection":[{"href":"https:\/\/www.maselcarrer.com\/fr\/wp-json\/wp\/v2\/pages"}],"about":[{"href":"https:\/\/www.maselcarrer.com\/fr\/wp-json\/wp\/v2\/types\/page"}],"author":[{"embeddable":true,"href":"https:\/\/www.maselcarrer.com\/fr\/wp-json\/wp\/v2\/users\/1"}],"replies":[{"embeddable":true,"href":"https:\/\/www.maselcarrer.com\/fr\/wp-json\/wp\/v2\/comments?post=1621"}],"version-history":[{"count":3,"href":"https:\/\/www.maselcarrer.com\/fr\/wp-json\/wp\/v2\/pages\/1621\/revisions"}],"predecessor-version":[{"id":2218,"href":"https:\/\/www.maselcarrer.com\/fr\/wp-json\/wp\/v2\/pages\/1621\/revisions\/2218"}],"up":[{"embeddable":true,"href":"https:\/\/www.maselcarrer.com\/fr\/wp-json\/wp\/v2\/pages\/1585"}],"wp:attachment":[{"href":"https:\/\/www.maselcarrer.com\/fr\/wp-json\/wp\/v2\/media?parent=1621"}],"curies":[{"name":"wp","href":"https:\/\/api.w.org\/{rel}","templated":true}]}}