{"id":1611,"date":"2018-02-20T09:47:31","date_gmt":"2018-02-20T07:47:31","guid":{"rendered":"https:\/\/www.maselcarrer.com\/?page_id=1611"},"modified":"2025-02-20T10:32:43","modified_gmt":"2025-02-20T08:32:43","slug":"contact","status":"publish","type":"page","link":"https:\/\/www.maselcarrer.com\/fr\/contact\/","title":{"rendered":"Contact"},"content":{"rendered":"<div class=\"wpb-content-wrapper\"><p>[vc_row css_animation=\u00a0\u00bb\u00a0\u00bb row_type=\u00a0\u00bbrow\u00a0\u00bb use_row_as_full_screen_section=\u00a0\u00bbno\u00a0\u00bb type=\u00a0\u00bbfull_width\u00a0\u00bb angled_section=\u00a0\u00bbno\u00a0\u00bb text_align=\u00a0\u00bbleft\u00a0\u00bb background_image_as_pattern=\u00a0\u00bbwithout_pattern\u00a0\u00bb][vc_column][vc_single_image image=\u00a0\u00bb1341&Prime; img_size=\u00a0\u00bbfull\u00a0\u00bb alignment=\u00a0\u00bbcenter\u00a0\u00bb qode_css_animation=\u00a0\u00bb\u00a0\u00bb][\/vc_column][\/vc_row][vc_row css_animation=\u00a0\u00bb\u00a0\u00bb row_type=\u00a0\u00bbrow\u00a0\u00bb use_row_as_full_screen_section=\u00a0\u00bbno\u00a0\u00bb type=\u00a0\u00bbgrid\u00a0\u00bb angled_section=\u00a0\u00bbno\u00a0\u00bb text_align=\u00a0\u00bbleft\u00a0\u00bb background_image_as_pattern=\u00a0\u00bbwithout_pattern\u00a0\u00bb z_index=\u00a0\u00bb\u00a0\u00bb padding_top=\u00a0\u00bb30&Prime;][vc_column][vc_column_text]<\/p>\n<p style=\"text-align: right;\"><a href=\"\/fr\">Accueil<\/a> &gt; Contact<\/p>\n<p>[\/vc_column_text][\/vc_column][\/vc_row][vc_row css_animation=\u00a0\u00bb\u00a0\u00bb row_type=\u00a0\u00bbrow\u00a0\u00bb use_row_as_full_screen_section=\u00a0\u00bbno\u00a0\u00bb type=\u00a0\u00bbgrid\u00a0\u00bb angled_section=\u00a0\u00bbno\u00a0\u00bb text_align=\u00a0\u00bbleft\u00a0\u00bb background_image_as_pattern=\u00a0\u00bbwithout_pattern\u00a0\u00bb z_index=\u00a0\u00bb\u00a0\u00bb padding_top=\u00a0\u00bb50&Prime; padding_bottom=\u00a0\u00bb50&Prime; anchor=\u00a0\u00bbinici\u00a0\u00bb][vc_column][vc_column_text]<\/p>\n<h1>Contacter Mas El Carrer<br \/>\nou avec Planademunt<\/h1>\n<p>[\/vc_column_text][vc_empty_space height=\u00a0\u00bb20&Prime;][vc_column_text]Si vous ne souhaitez pas r\u00e9server en ligne, si vous avez des doutes sur votre souhait de nous consulter ou si vous avez quelque chose qui sort de l&rsquo;ordinaire en t\u00eate, appelez-nous ou contactez-nous. Nous \u00e9tudierons votre cas et vous ferons la meilleure proposition adapt\u00e9e \u00e0 vos besoins.[\/vc_column_text][\/vc_column][\/vc_row][vc_row css_animation=\u00a0\u00bb\u00a0\u00bb row_type=\u00a0\u00bbrow\u00a0\u00bb use_row_as_full_screen_section=\u00a0\u00bbno\u00a0\u00bb type=\u00a0\u00bbgrid\u00a0\u00bb angled_section=\u00a0\u00bbno\u00a0\u00bb text_align=\u00a0\u00bbleft\u00a0\u00bb background_image_as_pattern=\u00a0\u00bbwithout_pattern\u00a0\u00bb padding_top=\u00a0\u00bb25&Prime; padding_bottom=\u00a0\u00bb25&Prime; z_index=\u00a0\u00bb\u00a0\u00bb anchor=\u00a0\u00bbinici\u00a0\u00bb][vc_column width=\u00a0\u00bb1\/3&Prime;][qode_elements_holder number_of_columns=\u00a0\u00bbone_column\u00a0\u00bb][qode_elements_holder_item advanced_animations=\u00a0\u00bbno\u00a0\u00bb item_padding=\u00a0\u00bb0px 20px 0px 0px\u00a0\u00bb][vc_column_text]<\/p>\n<h2>Formulaire de contact<\/h2>\n<p>[\/vc_column_text][vc_empty_space height=\u00a0\u00bb50&Prime;][vc_raw_html css=\u00a0\u00bb\u00a0\u00bb]JTVCd3Bmb3JtcyUyMGlkJTNEJTIyMjE5MSUyMiU1RA==[\/vc_raw_html][vc_empty_space height=\u00a0\u00bb50&Prime;][\/qode_elements_holder_item][\/qode_elements_holder][\/vc_column][vc_column width=\u00a0\u00bb1\/3&Prime;][qode_elements_holder number_of_columns=\u00a0\u00bbone_column\u00a0\u00bb][qode_elements_holder_item advanced_animations=\u00a0\u00bbno\u00a0\u00bb item_padding=\u00a0\u00bb0px 20px 0px 0px\u00a0\u00bb][vc_raw_html]JTNDZGl2JTIwY2xhc3MlM0QlMjJnb29nbGUtbWFwcyUyMiUzRSUwQSUzQ2lmcmFtZSUyMHNyYyUzRCUyMmh0dHBzJTNBJTJGJTJGd3d3Lmdvb2dsZS5jb20lMkZtYXBzJTJGZW1iZWQlM0ZwYiUzRCUyMTFtMTglMjExbTEyJTIxMW0zJTIxMWQyOTU4Ljc5MzE2NDk5NjgzNiUyMTJkMi41ODU5MTcwNzYwOTc2Njc1JTIxM2Q0Mi4xMzMzMTA5NzEyMTQ4NiUyMTJtMyUyMTFmMCUyMTJmMCUyMTNmMCUyMTNtMiUyMTFpMTAyNCUyMTJpNzY4JTIxNGYxMy4xJTIxM20zJTIxMW0yJTIxMXMweDEyYmFjOGQxZjc2ZTVmYjklMjUzQTB4NzRlYjE1ZGI1NWE0YjU5MiUyMTJzTUFTJTI1MjBFTCUyNTIwQ0FSUkVSJTIxNWUwJTIxM20yJTIxMXNjYSUyMTJzZXMlMjE0djE2OTM0Nzk0ODI1NTYlMjE1bTIlMjExc2NhJTIxMnNlcyUyMiUyMHdpZHRoJTNEJTIyNDAwJTIyJTIwaGVpZ2h0JTNEJTIyMzUwJTIyJTIwc3R5bGUlM0QlMjJib3JkZXIlM0EwJTNCJTIyJTIwYWxsb3dmdWxsc2NyZWVuJTNEJTIyJTIyJTIwbG9hZGluZyUzRCUyMmxhenklMjIlMjByZWZlcnJlcnBvbGljeSUzRCUyMm5vLXJlZmVycmVyLXdoZW4tZG93bmdyYWRlJTIyJTNFJTNDJTJGaWZyYW1lJTNFJTBBJTNDJTJGZGl2JTNF[\/vc_raw_html][vc_empty_space height=\u00a0\u00bb45px\u00a0\u00bb][vc_column_text]<\/p>\n<h2>Mas El Carrer<\/h2>\n<p>[\/vc_column_text][vc_empty_space height=\u00a0\u00bb35px\u00a0\u00bb][vc_column_text]La maison de tourisme rural Mas El Carrer se trouve \u00e0 moins de 2 heures de Barcelone, \u00e0 20 minutes de la ville d&rsquo;Olot et \u00e0 6 minutes de la ville m\u00e9di\u00e9vale de Santa Pau.[\/vc_column_text][vc_empty_space height=\u00a0\u00bb35px\u00a0\u00bb]<div class=\"q_icon_list\"><i class=\"qode_icon_font_awesome fa fa-map-o qode-ili-icon-holder transparent\" style=\"font-size: 24px;color: #c89454;\" ><\/i><p style=\"color:#000000;font-size: 15px;font-weight: 300;margin-bottom: 5px;\">Ve\u00efnat dels Arcs s\/n 17811 - Santa Pau - La Garrotxa (Girona) - LTD: 42.13326411209222 \/ LON: 2.588576507809421<\/p><\/div><div class=\"q_icon_list\"><i class=\"qode_icon_font_awesome fa fa-mobile qode-ili-icon-holder transparent\" style=\"font-size: 34px;color: #c89454;\" ><\/i><p style=\"color:#000000;font-size: 15px;font-weight: 300;margin-bottom: 5px;\">(+34) 676 156 958<\/p><\/div><div class=\"q_icon_list\"><i class=\"qode_icon_font_awesome fa fa-envelope-o qode-ili-icon-holder transparent\" style=\"font-size: 24px;color: #c89454;\" ><\/i><p style=\"color:#000000;font-size: 15px;font-weight: 300;margin-bottom: 5px;\">informacio@marmuntanya.com<\/p><\/div>[vc_empty_space height=\u00a0\u00bb50&Prime;][\/qode_elements_holder_item][\/qode_elements_holder][\/vc_column][vc_column width=\u00a0\u00bb1\/3&Prime;][qode_elements_holder number_of_columns=\u00a0\u00bbone_column\u00a0\u00bb][qode_elements_holder_item advanced_animations=\u00a0\u00bbno\u00a0\u00bb item_padding=\u00a0\u00bb0px 0px 0px 0px\u00a0\u00bb][vc_raw_html]JTNDZGl2JTIwY2xhc3MlM0QlMjJnb29nbGUtbWFwcyUyMiUzRSUzQ2lmcmFtZSUyMHNyYyUzRCUyMmh0dHBzJTNBJTJGJTJGd3d3Lmdvb2dsZS5jb20lMkZtYXBzJTJGZW1iZWQlM0ZwYiUzRCUyMTFtMTglMjExbTEyJTIxMW0zJTIxMWQyOTU4LjY4MzIzMTU4OTQxNyUyMTJkMi41ODU0ODY4MTM4MzM0NDE1JTIxM2Q0Mi4xMzU2NjQxNzEwOTQ0OCUyMTJtMyUyMTFmMCUyMTJmMCUyMTNmMCUyMTNtMiUyMTFpMTAyNCUyMTJpNzY4JTIxNGYxMy4xJTIxM20zJTIxMW0yJTIxMXMweDEyYmFjOTg1ZWQ3MDYxOGYlMjUzQTB4ZDg1ZWM3OWExMDlhMWFkMCUyMTJzUExBTkFERU1VTlQlMjUyMENBU0ElMjUyMERFJTI1MjBUVVJJU01FJTI1MjBSVVJBTCUyMTVlMCUyMTNtMiUyMTFzY2ElMjEyc2VzJTIxNHYxNjkzNDgyNTYyNTQzJTIxNW0yJTIxMXNjYSUyMTJzZXMlMjIlMjB3aWR0aCUzRCUyMjQwMCUyMiUyMGhlaWdodCUzRCUyMjM1MCUyMiUyMHN0eWxlJTNEJTIyYm9yZGVyJTNBMCUzQiUyMiUyMGFsbG93ZnVsbHNjcmVlbiUzRCUyMiUyMiUyMGxvYWRpbmclM0QlMjJsYXp5JTIyJTIwcmVmZXJyZXJwb2xpY3klM0QlMjJuby1yZWZlcnJlci13aGVuLWRvd25ncmFkZSUyMiUzRSUzQyUyRmlmcmFtZSUzRSUzQyUyRmRpdiUzRQ==[\/vc_raw_html][vc_empty_space height=\u00a0\u00bb25px\u00a0\u00bb][vc_column_text]<\/p>\n<h2>Planademunt<\/h2>\n<p>[\/vc_column_text][vc_empty_space height=\u00a0\u00bb35px\u00a0\u00bb][vc_column_text]La maison de tourisme rural Planademunt se trouve \u00e0 moins de 2 heures de Barcelone, \u00e0 20 minutes de la ville d&rsquo;Olot et \u00e0 5 minutes de la ville m\u00e9di\u00e9vale de Santa Pau.[\/vc_column_text][vc_empty_space height=\u00a0\u00bb35px\u00a0\u00bb]<div class=\"q_icon_list\"><i class=\"qode_icon_font_awesome fa fa-map-o qode-ili-icon-holder transparent\" style=\"font-size: 24px;color: #c89454;\" ><\/i><p style=\"color:#000000;font-size: 15px;font-weight: 300;margin-bottom: 5px;\">Ve\u00efnat dels Arcs s\/n 17811 - Santa Pau - La Garrotxa (Girona) - LTD: 42.13587102826962 \/ LON: 2.5880241835822146<\/p><\/div><div class=\"q_icon_list\"><i class=\"qode_icon_font_awesome fa fa-mobile qode-ili-icon-holder transparent\" style=\"font-size: 34px;color: #c89454;\" ><\/i><p style=\"color:#000000;font-size: 15px;font-weight: 300;margin-bottom: 5px;\">(+34) 676 156 958<\/p><\/div><div class=\"q_icon_list\"><i class=\"qode_icon_font_awesome fa fa-envelope-o qode-ili-icon-holder transparent\" style=\"font-size: 24px;color: #c89454;\" ><\/i><p style=\"color:#000000;font-size: 15px;font-weight: 300;margin-bottom: 5px;\">informacio@marmuntanya.com<\/p><\/div>[\/qode_elements_holder_item][\/qode_elements_holder][\/vc_column][\/vc_row][vc_row css_animation=\u00a0\u00bb\u00a0\u00bb row_type=\u00a0\u00bbrow\u00a0\u00bb use_row_as_full_screen_section=\u00a0\u00bbno\u00a0\u00bb type=\u00a0\u00bbfull_width\u00a0\u00bb angled_section=\u00a0\u00bbno\u00a0\u00bb text_align=\u00a0\u00bbleft\u00a0\u00bb background_image_as_pattern=\u00a0\u00bbwithout_pattern\u00a0\u00bb][vc_column][vc_separator type=\u00a0\u00bbnormal\u00a0\u00bb color=\u00a0\u00bb#000000&Prime; thickness=\u00a0\u00bb1&Prime; up=\u00a0\u00bb0&Prime; down=\u00a0\u00bb0&Prime;][\/vc_column][\/vc_row][vc_row css_animation=\u00a0\u00bb\u00a0\u00bb row_type=\u00a0\u00bbrow\u00a0\u00bb use_row_as_full_screen_section=\u00a0\u00bbno\u00a0\u00bb type=\u00a0\u00bbgrid\u00a0\u00bb angled_section=\u00a0\u00bbno\u00a0\u00bb text_align=\u00a0\u00bbleft\u00a0\u00bb background_image_as_pattern=\u00a0\u00bbwithout_pattern\u00a0\u00bb z_index=\u00a0\u00bb\u00a0\u00bb padding_top=\u00a0\u00bb75&Prime; padding_bottom=\u00a0\u00bb50&Prime;][vc_column][vc_column_text]<strong>PROTECTION DE DONN\u00c9ES<\/strong>[\/vc_column_text][vc_empty_space height=\u00a0\u00bb25&Prime;][vc_row_inner row_type=\u00a0\u00bbrow\u00a0\u00bb type=\u00a0\u00bbfull_width\u00a0\u00bb text_align=\u00a0\u00bbleft\u00a0\u00bb css_animation=\u00a0\u00bb\u00a0\u00bb][vc_column_inner width=\u00a0\u00bb1\/2&Prime;][vc_column_text]Conform\u00e9ment aux dispositions de la r\u00e9glementation en vigueur sur la protection des donn\u00e9es personnelles, nous vous informons que vos donn\u00e9es seront incorpor\u00e9es dans le syst\u00e8me de traitement appartenant \u00e0 JELP 40 SL avec CIF B65399404 et dont le si\u00e8ge social est situ\u00e9 C\/ SANT JOSEP ORIOL,7 \u2013 LA FLORESTA \u2013 08198 SANT CUGAT DEL VALL\u00c8S (BARCELONE), afin de r\u00e9pondre \u00e0 vos questions et de vous envoyer des communications commerciales susceptibles de vous int\u00e9resser. Conform\u00e9ment \u00e0 la r\u00e9glementation en vigueur, JELP 40 SL informe que les donn\u00e9es seront conserv\u00e9es pendant la dur\u00e9e strictement n\u00e9cessaire au respect des pr\u00e9ceptes mentionn\u00e9s ci-dessus.<\/p>\n<p>Nous vous informons que nous traiterons vos donn\u00e9es conform\u00e9ment \u00e0 l&rsquo;existence de votre consentement.<\/p>\n<p>JELP 40 SL informe qu&rsquo;elle proc\u00e9dera au traitement des donn\u00e9es de mani\u00e8re licite, loyale, transparente, ad\u00e9quate, pertinente, limit\u00e9e, exacte et actualis\u00e9e. Par cons\u00e9quent, JELP 40 SL s&rsquo;engage \u00e0 adopter toutes les mesures raisonnables pour que celles-ci soient supprim\u00e9es ou rectifi\u00e9es sans d\u00e9lai lorsqu&rsquo;elles sont inexactes.[\/vc_column_text][\/vc_column_inner][vc_column_inner width=\u00a0\u00bb1\/2&Prime;][vc_column_text]Conform\u00e9ment aux droits qui vous sont conf\u00e9r\u00e9s par la r\u00e9glementation en vigueur sur la protection des donn\u00e9es, vous pouvez exercer les droits d&rsquo;acc\u00e8s, de rectification, de limitation du traitement, de suppression, de portabilit\u00e9 et d&rsquo;opposition au traitement de vos donn\u00e9es personnelles ainsi que le consentement donn\u00e9 au traitement de vos donn\u00e9es personnelles, en adressant votre demande \u00e0 l&rsquo;adresse postale indiqu\u00e9e ci-dessus ou \u00e0 l&rsquo;e-mail informacio@marmuntanya.com.<\/p>\n<p>De m\u00eame, et conform\u00e9ment aux dispositions de la loi 34\/2002 du 11 juillet relative aux services de la soci\u00e9t\u00e9 de l&rsquo;information et au commerce \u00e9lectronique, \u00e0 l&rsquo;article 21, nous demandons \u00e9galement votre consentement expr\u00e8s pour vous envoyer de la publicit\u00e9 pour nos produits ou des promotions que nous consid\u00e9rons comme pouvant \u00eatre qui vous int\u00e9ressent, par courrier \u00e9lectronique ou tout autre moyen de communication \u00e9lectronique \u00e9quivalent.<\/p>\n<p>Nous vous informons que vous pouvez r\u00e9voquer \u00e0 tout moment le consentement donn\u00e9 pour la r\u00e9ception de communications commerciales en envoyant un e-mail \u00e0 l&rsquo;adresse e-mail : informacio@marmuntanya.com. Vous pouvez contacter l&rsquo;autorit\u00e9 de contr\u00f4le comp\u00e9tente pour pr\u00e9senter la r\u00e9clamation que vous jugez appropri\u00e9e.[\/vc_column_text][\/vc_column_inner][\/vc_row_inner][\/vc_column][\/vc_row][vc_row css_animation=\u00a0\u00bb\u00a0\u00bb row_type=\u00a0\u00bbrow\u00a0\u00bb use_row_as_full_screen_section=\u00a0\u00bbno\u00a0\u00bb type=\u00a0\u00bbfull_width\u00a0\u00bb angled_section=\u00a0\u00bbno\u00a0\u00bb text_align=\u00a0\u00bbleft\u00a0\u00bb background_image_as_pattern=\u00a0\u00bbwithout_pattern\u00a0\u00bb z_index=\u00a0\u00bb\u00a0\u00bb padding_top=\u00a0\u00bb0&Prime; padding_bottom=\u00a0\u00bb0&Prime;][vc_column][vc_single_image image=\u00a0\u00bb903&Prime; img_size=\u00a0\u00bbfull\u00a0\u00bb alignment=\u00a0\u00bbcenter\u00a0\u00bb qode_css_animation=\u00a0\u00bb\u00a0\u00bb][\/vc_column][\/vc_row]<\/p>\n<\/div>","protected":false},"excerpt":{"rendered":"<p>[vc_row css_animation=\u00a0\u00bb\u00a0\u00bb row_type=\u00a0\u00bbrow\u00a0\u00bb use_row_as_full_screen_section=\u00a0\u00bbno\u00a0\u00bb type=\u00a0\u00bbfull_width\u00a0\u00bb angled_section=\u00a0\u00bbno\u00a0\u00bb text_align=\u00a0\u00bbleft\u00a0\u00bb background_image_as_pattern=\u00a0\u00bbwithout_pattern\u00a0\u00bb][vc_column][vc_single_image image=\u00a0\u00bb1341&Prime; img_size=\u00a0\u00bbfull\u00a0\u00bb alignment=\u00a0\u00bbcenter\u00a0\u00bb qode_css_animation=\u00a0\u00bb\u00a0\u00bb][\/vc_column][\/vc_row][vc_row css_animation=\u00a0\u00bb\u00a0\u00bb row_type=\u00a0\u00bbrow\u00a0\u00bb use_row_as_full_screen_section=\u00a0\u00bbno\u00a0\u00bb type=\u00a0\u00bbgrid\u00a0\u00bb angled_section=\u00a0\u00bbno\u00a0\u00bb text_align=\u00a0\u00bbleft\u00a0\u00bb background_image_as_pattern=\u00a0\u00bbwithout_pattern\u00a0\u00bb z_index=\u00a0\u00bb\u00a0\u00bb padding_top=\u00a0\u00bb30&Prime;][vc_column][vc_column_text] Accueil &gt; Contact [\/vc_column_text][\/vc_column][\/vc_row][vc_row css_animation=\u00a0\u00bb\u00a0\u00bb row_type=\u00a0\u00bbrow\u00a0\u00bb use_row_as_full_screen_section=\u00a0\u00bbno\u00a0\u00bb type=\u00a0\u00bbgrid\u00a0\u00bb angled_section=\u00a0\u00bbno\u00a0\u00bb text_align=\u00a0\u00bbleft\u00a0\u00bb background_image_as_pattern=\u00a0\u00bbwithout_pattern\u00a0\u00bb z_index=\u00a0\u00bb\u00a0\u00bb padding_top=\u00a0\u00bb50&Prime; padding_bottom=\u00a0\u00bb50&Prime; anchor=\u00a0\u00bbinici\u00a0\u00bb][vc_column][vc_column_text] Contacter Mas El Carrer ou avec Planademunt [\/vc_column_text][vc_empty_space height=\u00a0\u00bb20&Prime;][vc_column_text]Si&hellip; <a class=\"continue\" href=\"https:\/\/www.maselcarrer.com\/fr\/contact\/\">CONTINUAR >><span> Contact<\/span><\/a><\/p>\n","protected":false},"author":1,"featured_media":0,"parent":0,"menu_order":0,"comment_status":"closed","ping_status":"closed","template":"full_width.php","meta":{"_joinchat":[],"footnotes":""},"class_list":["post-1611","page","type-page","status-publish","hentry"],"_links":{"self":[{"href":"https:\/\/www.maselcarrer.com\/fr\/wp-json\/wp\/v2\/pages\/1611","targetHints":{"allow":["GET"]}}],"collection":[{"href":"https:\/\/www.maselcarrer.com\/fr\/wp-json\/wp\/v2\/pages"}],"about":[{"href":"https:\/\/www.maselcarrer.com\/fr\/wp-json\/wp\/v2\/types\/page"}],"author":[{"embeddable":true,"href":"https:\/\/www.maselcarrer.com\/fr\/wp-json\/wp\/v2\/users\/1"}],"replies":[{"embeddable":true,"href":"https:\/\/www.maselcarrer.com\/fr\/wp-json\/wp\/v2\/comments?post=1611"}],"version-history":[{"count":3,"href":"https:\/\/www.maselcarrer.com\/fr\/wp-json\/wp\/v2\/pages\/1611\/revisions"}],"predecessor-version":[{"id":2199,"href":"https:\/\/www.maselcarrer.com\/fr\/wp-json\/wp\/v2\/pages\/1611\/revisions\/2199"}],"wp:attachment":[{"href":"https:\/\/www.maselcarrer.com\/fr\/wp-json\/wp\/v2\/media?parent=1611"}],"curies":[{"name":"wp","href":"https:\/\/api.w.org\/{rel}","templated":true}]}}