{"id":1601,"date":"2023-10-23T18:12:10","date_gmt":"2023-10-23T16:12:10","guid":{"rendered":"https:\/\/www.maselcarrer.com\/?page_id=1601"},"modified":"2023-11-17T11:14:46","modified_gmt":"2023-11-17T09:14:46","slug":"reservations","status":"publish","type":"page","link":"https:\/\/www.maselcarrer.com\/fr\/reservations\/","title":{"rendered":"R\u00e9servations"},"content":{"rendered":"<div class=\"wpb-content-wrapper\"><p>[vc_row css_animation=\u00a0\u00bb\u00a0\u00bb row_type=\u00a0\u00bbrow\u00a0\u00bb use_row_as_full_screen_section=\u00a0\u00bbno\u00a0\u00bb type=\u00a0\u00bbfull_width\u00a0\u00bb angled_section=\u00a0\u00bbno\u00a0\u00bb text_align=\u00a0\u00bbleft\u00a0\u00bb background_image_as_pattern=\u00a0\u00bbwithout_pattern\u00a0\u00bb z_index=\u00a0\u00bb\u00a0\u00bb][vc_column][vc_single_image image=\u00a0\u00bb1285&Prime; img_size=\u00a0\u00bbfull\u00a0\u00bb alignment=\u00a0\u00bbcenter\u00a0\u00bb qode_css_animation=\u00a0\u00bb\u00a0\u00bb][\/vc_column][\/vc_row][vc_row css_animation=\u00a0\u00bb\u00a0\u00bb row_type=\u00a0\u00bbrow\u00a0\u00bb use_row_as_full_screen_section=\u00a0\u00bbno\u00a0\u00bb type=\u00a0\u00bbgrid\u00a0\u00bb angled_section=\u00a0\u00bbno\u00a0\u00bb text_align=\u00a0\u00bbleft\u00a0\u00bb background_image_as_pattern=\u00a0\u00bbwithout_pattern\u00a0\u00bb z_index=\u00a0\u00bb\u00a0\u00bb padding_top=\u00a0\u00bb30&Prime;][vc_column][vc_column_text]<\/p>\n<p style=\"text-align: right;\"><a href=\"\/fr\">Accueil<\/a> &gt;&gt; R\u00e9servations<\/p>\n<p>[\/vc_column_text][\/vc_column][\/vc_row][vc_row css_animation=\u00a0\u00bb\u00a0\u00bb row_type=\u00a0\u00bbrow\u00a0\u00bb use_row_as_full_screen_section=\u00a0\u00bbno\u00a0\u00bb type=\u00a0\u00bbgrid\u00a0\u00bb angled_section=\u00a0\u00bbno\u00a0\u00bb text_align=\u00a0\u00bbleft\u00a0\u00bb background_image_as_pattern=\u00a0\u00bbwithout_pattern\u00a0\u00bb padding_top=\u00a0\u00bb50&Prime; padding_bottom=\u00a0\u00bb50&Prime; z_index=\u00a0\u00bb\u00a0\u00bb anchor=\u00a0\u00bbinici\u00a0\u00bb][vc_column css=\u00a0\u00bb.vc_custom_1698067055206{padding-right: 10% !important;}\u00a0\u00bb][vc_column_text]<\/p>\n<p style=\"text-align: left; font-family: 'Kalam', sans-serif; font-size: 23px; color: #966931; font-weight: 400; line-height: 1;\">Votre escapade en un clic<\/p>\n<p>[\/vc_column_text][vc_empty_space height=\u00a0\u00bb12px\u00a0\u00bb][vc_column_text]<\/p>\n<h1>R\u00e9servez une maison de tourisme rural: Mas El Carrer ou Planademunt?<\/h1>\n<p>[\/vc_column_text][vc_empty_space height=\u00a0\u00bb35px\u00a0\u00bb][vc_column_text]Venez profiter en famille ou entre amis de la tranquillit\u00e9 que vous trouverez dans nos <strong>maisons de tourisme rural<\/strong> du <strong>Mas El Carrer<\/strong> et <strong>Planademunt<\/strong>, accompagn\u00e9 de vos animaux de compagnie. . Un environnement de tourisme rural plein de possibilit\u00e9s: <strong>excursions \u00e0 pied<\/strong>, <strong>\u00e0 cheval<\/strong>, <strong>\u00e0 v\u00e9lo<\/strong> et autres. Faites une r\u00e9servation sur notre site toujours au meilleur prix ![\/vc_column_text][\/vc_column][\/vc_row][vc_row css_animation=\u00a0\u00bb\u00a0\u00bb row_type=\u00a0\u00bbrow\u00a0\u00bb use_row_as_full_screen_section=\u00a0\u00bbno\u00a0\u00bb type=\u00a0\u00bbgrid\u00a0\u00bb angled_section=\u00a0\u00bbno\u00a0\u00bb text_align=\u00a0\u00bbleft\u00a0\u00bb background_image_as_pattern=\u00a0\u00bbwithout_pattern\u00a0\u00bb z_index=\u00a0\u00bb\u00a0\u00bb padding_bottom=\u00a0\u00bb50&Prime;][vc_column][vc_raw_html]JTNDcCUzRSUzQ2lmcmFtZSUyMHNyYyUzRCUyMmh0dHBzJTNBJTJGJTJGYm9va29ubGluZS5wcm8lMkZmciUyRnByb3BlcnRpZXMlMkYzMjIwMSUzRmlmcmFtZSUzRDElMjIlMjB3aWR0aCUzRCUyMjEwMCUyNSUyMiUyMGhlaWdodCUzRCUyMjIxMDAlMjIlMjBtaW4taGVpZ2h0JTNEJTIyODAwcHglMjIlM0UlM0MlMkZpZnJhbWUlM0UlM0MlMkZwJTNF[\/vc_raw_html][\/vc_column][\/vc_row][vc_row css_animation=\u00a0\u00bb\u00a0\u00bb row_type=\u00a0\u00bbrow\u00a0\u00bb use_row_as_full_screen_section=\u00a0\u00bbno\u00a0\u00bb type=\u00a0\u00bbfull_width\u00a0\u00bb angled_section=\u00a0\u00bbno\u00a0\u00bb text_align=\u00a0\u00bbleft\u00a0\u00bb background_image_as_pattern=\u00a0\u00bbwithout_pattern\u00a0\u00bb][vc_column][vc_separator type=\u00a0\u00bbnormal\u00a0\u00bb color=\u00a0\u00bb#000000&Prime; thickness=\u00a0\u00bb1&Prime;][\/vc_column][\/vc_row][vc_row css_animation=\u00a0\u00bb\u00a0\u00bb row_type=\u00a0\u00bbrow\u00a0\u00bb use_row_as_full_screen_section=\u00a0\u00bbno\u00a0\u00bb type=\u00a0\u00bbgrid\u00a0\u00bb angled_section=\u00a0\u00bbno\u00a0\u00bb text_align=\u00a0\u00bbcenter\u00a0\u00bb background_image_as_pattern=\u00a0\u00bbwithout_pattern\u00a0\u00bb z_index=\u00a0\u00bb\u00a0\u00bb padding_top=\u00a0\u00bb50&Prime; padding_bottom=\u00a0\u00bb50&Prime;][vc_column][vc_column_text]<\/p>\n<h2 style=\"text-align: left;\">Conditions du contrat<\/h2>\n<p>[\/vc_column_text][vc_empty_space height=\u00a0\u00bb25&Prime;][vc_column_text]<\/p>\n<p style=\"text-align: left;\">Vous avez ici un r\u00e9capitulatif des conditions contractuelles, notamment en ce qui concerne l&rsquo;annulation des r\u00e9servations. Veuillez lire attentivement toutes les conditions avant de faire une r\u00e9servation. Si vous avez besoin de pr\u00e9cisions, vous pouvez nous contacter.<\/p>\n<p>[\/vc_column_text][vc_empty_space height=\u00a0\u00bb75&Prime;][vc_row_inner row_type=\u00a0\u00bbrow\u00a0\u00bb type=\u00a0\u00bbfull_width\u00a0\u00bb text_align=\u00a0\u00bbleft\u00a0\u00bb css_animation=\u00a0\u00bb\u00a0\u00bb][vc_column_inner width=\u00a0\u00bb1\/4&Prime;]<span data-type=\"normal\" data-hover-icon-color=\"#966931\" class=\"qode_icon_shortcode  q_font_awsome_icon fa-lg pull-center \" style=\" \"><i class=\"qode_icon_font_awesome fa fa-hourglass-start qode_icon_element\" style=\"font-size: 50px;color: #966931;\" ><\/i><\/span>[vc_empty_space height=\u00a0\u00bb50&Prime;][vc_column_text]<\/p>\n<p style=\"text-align: center;\">Toute <strong>annulation effectu\u00e9e jusqu&rsquo;\u00e0 10 jours avant<\/strong> la date d&rsquo;arriv\u00e9e aura des frais de <strong>1\u20ac plus 4% du montant factur\u00e9<\/strong> et les frais bancaires qui peuvent d\u00e9couler de l&rsquo;annulation.<\/p>\n<p>[\/vc_column_text][vc_empty_space height=\u00a0\u00bb50&Prime;][\/vc_column_inner][vc_column_inner width=\u00a0\u00bb1\/4&Prime;]<span data-type=\"normal\" data-hover-icon-color=\"#966931\" class=\"qode_icon_shortcode  q_font_awsome_icon fa-lg pull-center \" style=\" \"><i class=\"qode_icon_font_awesome fa fa-hourglass-end qode_icon_element\" style=\"font-size: 50px;color: #966931;\" ><\/i><\/span>[vc_empty_space height=\u00a0\u00bb50&Prime;][vc_column_text]<\/p>\n<p style=\"text-align: center;\">Toute annulation effectu\u00e9e dans les <strong>derniers 10 jours avant la date d&rsquo;arriv\u00e9e<\/strong> entra\u00eenera la <strong>perte du montant vers\u00e9 au moment de la r\u00e9servation <\/strong>(30% du s\u00e9jour total)<strong><strong>.<\/strong><\/strong><\/p>\n<p>[\/vc_column_text][vc_empty_space height=\u00a0\u00bb50&Prime;][\/vc_column_inner][vc_column_inner width=\u00a0\u00bb1\/4&Prime;]<span data-type=\"normal\" data-hover-icon-color=\"#966931\" class=\"qode_icon_shortcode  q_font_awsome_icon fa-lg pull-center \" style=\" \"><i class=\"qode_icon_font_awesome fa fa-child qode_icon_element\" style=\"font-size: 50px;color: #966931;\" ><\/i><\/span>[vc_empty_space height=\u00a0\u00bb50&Prime;][vc_column_text]<\/p>\n<p style=\"text-align: center;\">Lors de la r\u00e9servation, les enfants de plus de 3 ans doivent \u00eatre compt\u00e9s (<strong>les enfants de moins de 3 ans sont gratuits<\/strong>).<\/p>\n<p>[\/vc_column_text][vc_empty_space height=\u00a0\u00bb50&Prime;][\/vc_column_inner][vc_column_inner width=\u00a0\u00bb1\/4&Prime;]<span data-type=\"normal\" data-hover-icon-color=\"#966931\" class=\"qode_icon_shortcode  q_font_awsome_icon fa-lg pull-center \" style=\" \"><i class=\"qode_icon_font_awesome fa fa-moon-o qode_icon_element\" style=\"font-size: 50px;color: #966931;\" ><\/i><\/span>[vc_empty_space height=\u00a0\u00bb50&Prime;][vc_column_text]<\/p>\n<p style=\"text-align: center;\">Si vous souhaitez <strong>r\u00e9server seulement 1 nuit<\/strong>, appelez-nous\u00a0! \u00b7 676 156 958 \u00b7 Ou contactez-nous \u00e0 informacio@marmuntanya.com<\/p>\n<p>[\/vc_column_text][vc_empty_space height=\u00a0\u00bb50&Prime;][\/vc_column_inner][\/vc_row_inner][vc_empty_space height=\u00a0\u00bb25&Prime;]<a  itemprop=\"url\" href=\"\/fr\/accueil\/termes-et-conditions-du-contrat\/\" target=\"_self\"  class=\"qbutton  default\" style=\"\">CONDITIONS DU CONTRAT<\/a>[\/vc_column][\/vc_row][vc_row css_animation=\u00a0\u00bb\u00a0\u00bb row_type=\u00a0\u00bbrow\u00a0\u00bb use_row_as_full_screen_section=\u00a0\u00bbno\u00a0\u00bb type=\u00a0\u00bbfull_width\u00a0\u00bb angled_section=\u00a0\u00bbno\u00a0\u00bb text_align=\u00a0\u00bbleft\u00a0\u00bb background_image_as_pattern=\u00a0\u00bbwithout_pattern\u00a0\u00bb][vc_column][vc_single_image image=\u00a0\u00bb903&Prime; img_size=\u00a0\u00bbfull\u00a0\u00bb qode_css_animation=\u00a0\u00bb\u00a0\u00bb][\/vc_column][\/vc_row]<\/p>\n<\/div>","protected":false},"excerpt":{"rendered":"<p>[vc_row css_animation=\u00a0\u00bb\u00a0\u00bb row_type=\u00a0\u00bbrow\u00a0\u00bb use_row_as_full_screen_section=\u00a0\u00bbno\u00a0\u00bb type=\u00a0\u00bbfull_width\u00a0\u00bb angled_section=\u00a0\u00bbno\u00a0\u00bb text_align=\u00a0\u00bbleft\u00a0\u00bb background_image_as_pattern=\u00a0\u00bbwithout_pattern\u00a0\u00bb z_index=\u00a0\u00bb\u00a0\u00bb][vc_column][vc_single_image image=\u00a0\u00bb1285&Prime; img_size=\u00a0\u00bbfull\u00a0\u00bb alignment=\u00a0\u00bbcenter\u00a0\u00bb qode_css_animation=\u00a0\u00bb\u00a0\u00bb][\/vc_column][\/vc_row][vc_row css_animation=\u00a0\u00bb\u00a0\u00bb row_type=\u00a0\u00bbrow\u00a0\u00bb use_row_as_full_screen_section=\u00a0\u00bbno\u00a0\u00bb type=\u00a0\u00bbgrid\u00a0\u00bb angled_section=\u00a0\u00bbno\u00a0\u00bb text_align=\u00a0\u00bbleft\u00a0\u00bb background_image_as_pattern=\u00a0\u00bbwithout_pattern\u00a0\u00bb z_index=\u00a0\u00bb\u00a0\u00bb padding_top=\u00a0\u00bb30&Prime;][vc_column][vc_column_text] Accueil &gt;&gt; R\u00e9servations [\/vc_column_text][\/vc_column][\/vc_row][vc_row css_animation=\u00a0\u00bb\u00a0\u00bb row_type=\u00a0\u00bbrow\u00a0\u00bb use_row_as_full_screen_section=\u00a0\u00bbno\u00a0\u00bb type=\u00a0\u00bbgrid\u00a0\u00bb angled_section=\u00a0\u00bbno\u00a0\u00bb text_align=\u00a0\u00bbleft\u00a0\u00bb background_image_as_pattern=\u00a0\u00bbwithout_pattern\u00a0\u00bb padding_top=\u00a0\u00bb50&Prime; padding_bottom=\u00a0\u00bb50&Prime; z_index=\u00a0\u00bb\u00a0\u00bb anchor=\u00a0\u00bbinici\u00a0\u00bb][vc_column css=\u00a0\u00bb.vc_custom_1698067055206{padding-right: 10% !important;}\u00a0\u00bb][vc_column_text] Votre escapade en un clic&hellip; <a class=\"continue\" href=\"https:\/\/www.maselcarrer.com\/fr\/reservations\/\">CONTINUAR >><span> R\u00e9servations<\/span><\/a><\/p>\n","protected":false},"author":1,"featured_media":0,"parent":0,"menu_order":0,"comment_status":"closed","ping_status":"closed","template":"full_width.php","meta":{"_joinchat":[],"footnotes":""},"class_list":["post-1601","page","type-page","status-publish","hentry"],"_links":{"self":[{"href":"https:\/\/www.maselcarrer.com\/fr\/wp-json\/wp\/v2\/pages\/1601","targetHints":{"allow":["GET"]}}],"collection":[{"href":"https:\/\/www.maselcarrer.com\/fr\/wp-json\/wp\/v2\/pages"}],"about":[{"href":"https:\/\/www.maselcarrer.com\/fr\/wp-json\/wp\/v2\/types\/page"}],"author":[{"embeddable":true,"href":"https:\/\/www.maselcarrer.com\/fr\/wp-json\/wp\/v2\/users\/1"}],"replies":[{"embeddable":true,"href":"https:\/\/www.maselcarrer.com\/fr\/wp-json\/wp\/v2\/comments?post=1601"}],"version-history":[{"count":6,"href":"https:\/\/www.maselcarrer.com\/fr\/wp-json\/wp\/v2\/pages\/1601\/revisions"}],"predecessor-version":[{"id":1779,"href":"https:\/\/www.maselcarrer.com\/fr\/wp-json\/wp\/v2\/pages\/1601\/revisions\/1779"}],"wp:attachment":[{"href":"https:\/\/www.maselcarrer.com\/fr\/wp-json\/wp\/v2\/media?parent=1601"}],"curies":[{"name":"wp","href":"https:\/\/api.w.org\/{rel}","templated":true}]}}