{"id":1596,"date":"2023-10-16T19:03:10","date_gmt":"2023-10-16T17:03:10","guid":{"rendered":"https:\/\/www.maselcarrer.com\/?page_id=1596"},"modified":"2024-12-13T14:13:42","modified_gmt":"2024-12-13T12:13:42","slug":"maison-de-tourisme-rural-du-planademunt","status":"publish","type":"page","link":"https:\/\/www.maselcarrer.com\/fr\/maison-de-tourisme-rural-du-planademunt\/","title":{"rendered":"Planademunt"},"content":{"rendered":"<div class=\"wpb-content-wrapper\"><p>[vc_row css_animation=\u00a0\u00bb\u00a0\u00bb row_type=\u00a0\u00bbrow\u00a0\u00bb use_row_as_full_screen_section=\u00a0\u00bbno\u00a0\u00bb type=\u00a0\u00bbfull_width\u00a0\u00bb angled_section=\u00a0\u00bbno\u00a0\u00bb text_align=\u00a0\u00bbleft\u00a0\u00bb background_image_as_pattern=\u00a0\u00bbwithout_pattern\u00a0\u00bb z_index=\u00a0\u00bb\u00a0\u00bb][vc_column][vc_single_image image=\u00a0\u00bb1333&Prime; img_size=\u00a0\u00bbfull\u00a0\u00bb alignment=\u00a0\u00bbcenter\u00a0\u00bb qode_css_animation=\u00a0\u00bb\u00a0\u00bb][\/vc_column][\/vc_row][vc_row css_animation=\u00a0\u00bb\u00a0\u00bb row_type=\u00a0\u00bbrow\u00a0\u00bb use_row_as_full_screen_section=\u00a0\u00bbno\u00a0\u00bb type=\u00a0\u00bbgrid\u00a0\u00bb angled_section=\u00a0\u00bbno\u00a0\u00bb text_align=\u00a0\u00bbleft\u00a0\u00bb background_image_as_pattern=\u00a0\u00bbwithout_pattern\u00a0\u00bb z_index=\u00a0\u00bb\u00a0\u00bb padding_top=\u00a0\u00bb30&Prime;][vc_column][vc_column_text]<\/p>\n<p style=\"text-align: right;\"><a href=\"\/fr\">Accueil<\/a> &gt;&gt; Planademunt<\/p>\n<p>[\/vc_column_text][\/vc_column][\/vc_row][vc_row css_animation=\u00a0\u00bb\u00a0\u00bb row_type=\u00a0\u00bbrow\u00a0\u00bb use_row_as_full_screen_section=\u00a0\u00bbno\u00a0\u00bb type=\u00a0\u00bbgrid\u00a0\u00bb angled_section=\u00a0\u00bbno\u00a0\u00bb text_align=\u00a0\u00bbleft\u00a0\u00bb background_image_as_pattern=\u00a0\u00bbwithout_pattern\u00a0\u00bb padding_top=\u00a0\u00bb50&Prime; padding_bottom=\u00a0\u00bb50&Prime; z_index=\u00a0\u00bb\u00a0\u00bb anchor=\u00a0\u00bbinici\u00a0\u00bb][vc_column width=\u00a0\u00bb1\/3&Prime; css=\u00a0\u00bb.vc_custom_1698067055206{padding-right: 10% !important;}\u00a0\u00bb][vc_column_text]<\/p>\n<p style=\"text-align: left; font-family: 'Kalam', sans-serif; font-size: 23px; color: #966931; font-weight: 400; line-height: 1;\">La tranquillit\u00e9 que vous recherchez dans le Parc Naturel de la Zone Volcanique de La Garrotxa<\/p>\n<p>[\/vc_column_text][vc_empty_space height=\u00a0\u00bb12px\u00a0\u00bb][vc_column_text]<\/p>\n<h1>Maison de tourisme rural Planademunt<\/h1>\n<p>[\/vc_column_text][vc_empty_space height=\u00a0\u00bb35px\u00a0\u00bb][vc_column_text]Venez profiter de la tranquillit\u00e9 que vous trouverez dans la <strong>maison de tourisme rural<\/strong> de <strong>Planademunt<\/strong>, accompagn\u00e9 de vos animaux de compagnie. Un environnement de tourisme rural plein de possibilit\u00e9s\u00a0: <strong>excursions \u00e0 pied<\/strong>, <strong>\u00e0 cheval<\/strong>, <strong>\u00e0 v\u00e9lo<\/strong> et autres.[\/vc_column_text][vc_empty_space height=\u00a0\u00bb30px\u00a0\u00bb]<a  itemprop=\"url\" href=\"\/fr\/reservations\/\" target=\"_self\"  class=\"qbutton  default\" style=\"\">RESERVE MAINTENANT<\/a>[vc_empty_space height=\u00a0\u00bb30px\u00a0\u00bb][\/vc_column][vc_column width=\u00a0\u00bb2\/3&Prime; css=\u00a0\u00bb.vc_custom_1698067172241{padding-left: 10% !important;}\u00a0\u00bb][vc_gallery type=\u00a0\u00bbflexslider_slide\u00a0\u00bb interval=\u00a0\u00bb10&Prime; images=\u00a0\u00bb1132,1108,1116,1120,1124,1128,1136,1112,1140&Prime; img_size=\u00a0\u00bbfull\u00a0\u00bb direction_nav=\u00a0\u00bbyes\u00a0\u00bb control_nav=\u00a0\u00bbyes\u00a0\u00bb][vc_empty_space height=\u00a0\u00bb25px\u00a0\u00bb][vc_column_text css=\u00a0\u00bb.vc_custom_1698941941367{margin-top: -50px !important;}\u00a0\u00bb]<\/p>\n<p style=\"texto-align: right;\"><strong>Planademunt<\/strong>, situ\u00e9 au milieu de la vall\u00e9e d&rsquo;Arcos, sous la cha\u00eene de montagnes Finestres, dans le <strong>Parc Naturel de la Zone Volcanique de La Garrotxa<\/strong> et \u00e0 350 m\u00e8tres de la <strong>maison de tourisme rural<\/strong> de <strong>Mas El Carrer<\/strong>. La maison, r\u00e9cemment r\u00e9nov\u00e9e et \u00e9quip\u00e9e, est id\u00e9ale pour le <strong>tourisme rural<\/strong> en famille ou <strong>amis<\/strong>, toujours accompagn\u00e9s de leurs <strong>animaux de compagnie<\/strong>. Il se compose de <strong>salle \u00e0 manger-salon<\/strong>avec <strong>chemin\u00e9e<\/strong>, <strong>cuisine<\/strong>, <strong>2 salles de bains<\/strong>, <strong>3 chambres<\/strong>, <strong><strong><strong>jardin<\/strong> et <strong>piscine priv\u00e9e<\/strong>.<\/strong><\/strong><\/p>\n<p>[\/vc_column_text][\/vc_column][\/vc_row][vc_row css_animation=\u00a0\u00bb\u00a0\u00bb row_type=\u00a0\u00bbrow\u00a0\u00bb use_row_as_full_screen_section=\u00a0\u00bbno\u00a0\u00bb type=\u00a0\u00bbfull_width\u00a0\u00bb angled_section=\u00a0\u00bbno\u00a0\u00bb text_align=\u00a0\u00bbleft\u00a0\u00bb background_image_as_pattern=\u00a0\u00bbwithout_pattern\u00a0\u00bb][vc_column][vc_separator type=\u00a0\u00bbnormal\u00a0\u00bb color=\u00a0\u00bb#000000&Prime; thickness=\u00a0\u00bb1&Prime; up=\u00a0\u00bb0&Prime; down=\u00a0\u00bb0&Prime;][\/vc_column][\/vc_row][vc_row css_animation=\u00a0\u00bb\u00a0\u00bb row_type=\u00a0\u00bbrow\u00a0\u00bb use_row_as_full_screen_section=\u00a0\u00bbno\u00a0\u00bb type=\u00a0\u00bbgrid\u00a0\u00bb angled_section=\u00a0\u00bbno\u00a0\u00bb text_align=\u00a0\u00bbleft\u00a0\u00bb background_image_as_pattern=\u00a0\u00bbwithout_pattern\u00a0\u00bb padding_top=\u00a0\u00bb50&Prime; padding_bottom=\u00a0\u00bb50&Prime; z_index=\u00a0\u00bb\u00a0\u00bb anchor=\u00a0\u00bbla-cabana\u00a0\u00bb][vc_column][vc_column_text]<\/p>\n<h2 style=\"text-align: left;\">Planademunt<\/h2>\n<p>[\/vc_column_text][vc_empty_space height=\u00a0\u00bb10&Prime;][vc_column_text]<\/p>\n<p style=\"text-align: left;\"><strong>MAISON IND\u00c9PENDANTE DE 4 CHAMBRES<\/strong><br \/>\n<strong>6-8 PERSONNES<\/strong><\/p>\n<p>[\/vc_column_text][vc_empty_space height=\u00a0\u00bb25&Prime;][vc_row_inner row_type=\u00a0\u00bbrow\u00a0\u00bb type=\u00a0\u00bbfull_width\u00a0\u00bb text_align=\u00a0\u00bbleft\u00a0\u00bb css_animation=\u00a0\u00bb\u00a0\u00bb][vc_column_inner width=\u00a0\u00bb1\/2&Prime;][vc_gallery type=\u00a0\u00bbflexslider_slide\u00a0\u00bb interval=\u00a0\u00bb0&Prime; images=\u00a0\u00bb1650,1654,1658,1662,1666,1225,1153,1157,1161,1229,1233,1237,1165,1169,1173,1177,1181,1185,1209,1213,1217,1670,1674,1678,1682&Prime; img_size=\u00a0\u00bbfull\u00a0\u00bb direction_nav=\u00a0\u00bbyes\u00a0\u00bb control_nav=\u00a0\u00bbyes\u00a0\u00bb][\/vc_column_inner][vc_column_inner width=\u00a0\u00bb1\/2&Prime;][vc_separator type=\u00a0\u00bbnormal\u00a0\u00bb color=\u00a0\u00bb#000000&Prime; thickness=\u00a0\u00bb1&Prime; up=\u00a0\u00bb0&Prime; down=\u00a0\u00bb25&Prime;][vc_column_text]Id\u00e9al pour les personnes recherchant plus d&rsquo;intimit\u00e9 et avec une capacit\u00e9 moyenne. <strong>Maison priv\u00e9e, <strong>jardin<\/strong> et <strong>piscine.<\/strong><\/strong>[\/vc_column_text][vc_empty_space height=\u00a0\u00bb50&Prime;][vc_column_text]<\/p>\n<p style=\"text-align: left; font-family: 'Kalam', sans-serif; font-size: 23px; color: #966931; font-weight: 400; line-height: 1;\">Caract\u00e9ristiques:<\/p>\n<p>&nbsp;<\/p>\n<ul>\n<li style=\"list-style-type: none;\">\n<ul>\n<li style=\"list-style-type: none;\">\n<ul>\n<li>Maison ind\u00e9pendante (pas de voisins).<\/li>\n<li>Logement sur trois \u00e9tages (il y a des escaliers).<\/li>\n<li>Salle \u00e0 manger avec table, canap\u00e9, t\u00e9l\u00e9vision et chemin\u00e9e.<\/li>\n<li>Cuisine enti\u00e8rement \u00e9quip\u00e9e.<\/li>\n<li>Lave-vaisselle.<\/li>\n<li>2 salles de bains (dont 1 avec baignoire).<\/li>\n<li><strong>Chambre 1:<\/strong> lit double (1er \u00e9tage).<\/li>\n<li><strong>Chambre 2:<\/strong> deux lits simples (1er \u00e9tage).<\/li>\n<li><strong>Chambre 3:<\/strong> lit double (2\u00e8me \u00e9tage).<\/li>\n<li><strong>Chambre 4:<\/strong> canap\u00e9 convertible dans la salle \u00e0 manger (rez-de-chauss\u00e9e).<\/li>\n<\/ul>\n<\/li>\n<\/ul>\n<\/li>\n<\/ul>\n<p>[\/vc_column_text][vc_separator type=\u00a0\u00bbnormal\u00a0\u00bb color=\u00a0\u00bb#000000&Prime; thickness=\u00a0\u00bb1&Prime; up=\u00a0\u00bb25&Prime; down=\u00a0\u00bb25&Prime;]<a  itemprop=\"url\" href=\"\/fr\/reservations\/\" target=\"_self\"  class=\"qbutton  default\" style=\"\">RESERVE MAINTENANT<\/a>[\/vc_column_inner][\/vc_row_inner][\/vc_column][\/vc_row][vc_row css_animation=\u00a0\u00bb\u00a0\u00bb row_type=\u00a0\u00bbrow\u00a0\u00bb use_row_as_full_screen_section=\u00a0\u00bbno\u00a0\u00bb type=\u00a0\u00bbfull_width\u00a0\u00bb angled_section=\u00a0\u00bbno\u00a0\u00bb text_align=\u00a0\u00bbleft\u00a0\u00bb background_image_as_pattern=\u00a0\u00bbwithout_pattern\u00a0\u00bb][vc_column][vc_separator type=\u00a0\u00bbnormal\u00a0\u00bb color=\u00a0\u00bb#000000&Prime; thickness=\u00a0\u00bb1&Prime; up=\u00a0\u00bb0&Prime; down=\u00a0\u00bb0&Prime;][\/vc_column][\/vc_row][vc_row css_animation=\u00a0\u00bb\u00a0\u00bb row_type=\u00a0\u00bbrow\u00a0\u00bb use_row_as_full_screen_section=\u00a0\u00bbno\u00a0\u00bb type=\u00a0\u00bbgrid\u00a0\u00bb angled_section=\u00a0\u00bbno\u00a0\u00bb text_align=\u00a0\u00bbleft\u00a0\u00bb background_image_as_pattern=\u00a0\u00bbwithout_pattern\u00a0\u00bb padding_top=\u00a0\u00bb75&Prime; padding_bottom=\u00a0\u00bb0&Prime; z_index=\u00a0\u00bb\u00a0\u00bb][vc_column offset=\u00a0\u00bbvc_col-md-5&Prime; css=\u00a0\u00bb.vc_custom_1697111553899{padding-right: 10% !important;}\u00a0\u00bb][vc_column_text]<\/p>\n<p style=\"text-align: left; font-family: 'Kalam', sans-serif; font-size: 23px; color: #966931; font-weight: 400; line-height: 1;\">Maison enti\u00e8rement \u00e9quip\u00e9e<\/p>\n<p>[\/vc_column_text][vc_empty_space height=\u00a0\u00bb12px\u00a0\u00bb][vc_column_text]<\/p>\n<h2>Tout ce dont vous avez besoin, vous l&rsquo;avez<\/h2>\n<p>[\/vc_column_text][vc_empty_space height=\u00a0\u00bb33px\u00a0\u00bb][vc_column_text]Dans la maison de <strong>tourisme rural<\/strong> de <strong>Planademunt<\/strong>, vous trouverez tout ce dont vous avez besoin pour rendre votre s\u00e9jour tr\u00e8s agr\u00e9able\u00a0: <strong>salon avec chemin\u00e9e<\/strong>, <strong>chauffage <\/strong>, <strong>t\u00e9l\u00e9vision<\/strong> et <strong>cuisine \u00e9quip\u00e9e<\/strong>. La maison dispose d&rsquo;une <strong>piscine<\/strong>, d&rsquo;un <strong>parking<\/strong> et d&rsquo;un <strong>Wi-Fi gratuit<\/strong> (IMPORTANT\u00a0: le Wi-Fi nous parvient par satellite et nous ne pouvons pas toujours garantir une connexion stable). Nous vous offrons du <strong>bois de chauffage gratuit<\/strong>\u00a0: engag\u00e9e pour notre environnement, la ferme Planademunt est membre de diff\u00e9rents projets d&rsquo;entretien des for\u00eats et de r\u00e9cup\u00e9ration des p\u00e2turages. \u00c0 la suite de ces t\u00e2ches, nous extrayons du bois de chauffage que vous pourrez utiliser dans le foyer.[\/vc_column_text][vc_empty_space height=\u00a0\u00bb33px\u00a0\u00bb]<a  itemprop=\"url\" href=\"\/fr\/reservations\/\" target=\"_self\"  class=\"qbutton  default\" style=\"\">RESERVE MAINTENANT<\/a>[vc_empty_space height=\u00a0\u00bb30px\u00a0\u00bb][\/vc_column][vc_column offset=\u00a0\u00bbvc_col-md-7&Prime;][vc_row_inner row_type=\u00a0\u00bbrow\u00a0\u00bb type=\u00a0\u00bbfull_width\u00a0\u00bb text_align=\u00a0\u00bbcenter\u00a0\u00bb css_animation=\u00a0\u00bb\u00a0\u00bb padding_bottom=\u00a0\u00bb25&Prime;][vc_column_inner width=\u00a0\u00bb1\/4&Prime; offset=\u00a0\u00bbvc_col-md-3 vc_col-xs-6&Prime;][vc_single_image image=\u00a0\u00bb928&Prime; img_size=\u00a0\u00bbfull\u00a0\u00bb alignment=\u00a0\u00bbcenter\u00a0\u00bb qode_css_animation=\u00a0\u00bb\u00a0\u00bb][vc_empty_space height=\u00a0\u00bb47px\u00a0\u00bb][vc_column_text]<\/p>\n<h3>Chauffage<\/h3>\n<p>[\/vc_column_text][vc_empty_space height=\u00a0\u00bb19px\u00a0\u00bb][vc_column_text]Chauffage pour profiter toute l&rsquo;ann\u00e9e.[\/vc_column_text][vc_empty_space height=\u00a0\u00bb30px\u00a0\u00bb][\/vc_column_inner][vc_column_inner width=\u00a0\u00bb1\/4&Prime; offset=\u00a0\u00bbvc_col-md-3 vc_col-xs-6&Prime;][vc_single_image image=\u00a0\u00bb919&Prime; img_size=\u00a0\u00bbfull\u00a0\u00bb alignment=\u00a0\u00bbcenter\u00a0\u00bb qode_css_animation=\u00a0\u00bb\u00a0\u00bb][vc_empty_space height=\u00a0\u00bb47px\u00a0\u00bb][vc_column_text]<\/p>\n<h3>Chemin\u00e9e<\/h3>\n<p>[\/vc_column_text][vc_empty_space height=\u00a0\u00bb19px\u00a0\u00bb][vc_column_text]Foyer tr\u00e8s chaleureux dans la salle \u00e0 manger.[\/vc_column_text][vc_empty_space height=\u00a0\u00bb30px\u00a0\u00bb][\/vc_column_inner][vc_column_inner width=\u00a0\u00bb1\/4&Prime; offset=\u00a0\u00bbvc_col-md-3 vc_col-xs-6&Prime;][vc_single_image image=\u00a0\u00bb932&Prime; img_size=\u00a0\u00bbfull\u00a0\u00bb alignment=\u00a0\u00bbcenter\u00a0\u00bb qode_css_animation=\u00a0\u00bb\u00a0\u00bb][vc_empty_space height=\u00a0\u00bb47px\u00a0\u00bb][vc_column_text]<\/p>\n<h3>Cuisine<\/h3>\n<p>[\/vc_column_text][vc_empty_space height=\u00a0\u00bb19px\u00a0\u00bb][vc_column_text]Cuisine \u00e9quip\u00e9e de tout le n\u00e9cessaire pour le s\u00e9jour.[\/vc_column_text][vc_empty_space height=\u00a0\u00bb30px\u00a0\u00bb][\/vc_column_inner][vc_column_inner width=\u00a0\u00bb1\/4&Prime; offset=\u00a0\u00bbvc_col-md-3 vc_col-xs-6&Prime;][vc_single_image image=\u00a0\u00bb952&Prime; img_size=\u00a0\u00bbfull\u00a0\u00bb alignment=\u00a0\u00bbcenter\u00a0\u00bb qode_css_animation=\u00a0\u00bb\u00a0\u00bb][vc_empty_space height=\u00a0\u00bb47px\u00a0\u00bb][vc_column_text]<\/p>\n<h3>WI-FI<\/h3>\n<p>[\/vc_column_text][vc_empty_space height=\u00a0\u00bb19px\u00a0\u00bb][vc_column_text]WI-FI gratuit mais avec une bande passante limit\u00e9e.[\/vc_column_text][vc_empty_space height=\u00a0\u00bb30px\u00a0\u00bb][\/vc_column_inner][\/vc_row_inner][vc_row_inner row_type=\u00a0\u00bbrow\u00a0\u00bb type=\u00a0\u00bbfull_width\u00a0\u00bb text_align=\u00a0\u00bbcenter\u00a0\u00bb css_animation=\u00a0\u00bb\u00a0\u00bb padding_bottom=\u00a0\u00bb25&Prime;][vc_column_inner width=\u00a0\u00bb1\/4&Prime; offset=\u00a0\u00bbvc_col-md-3 vc_col-xs-6&Prime;][vc_single_image image=\u00a0\u00bb948&Prime; img_size=\u00a0\u00bbfull\u00a0\u00bb alignment=\u00a0\u00bbcenter\u00a0\u00bb qode_css_animation=\u00a0\u00bb\u00a0\u00bb][vc_empty_space height=\u00a0\u00bb47px\u00a0\u00bb][vc_column_text]<\/p>\n<h3>V\u00eatements<\/h3>\n<p>[\/vc_column_text][vc_empty_space height=\u00a0\u00bb19px\u00a0\u00bb][vc_column_text]Draps et serviettes dans toutes les chambres.[\/vc_column_text][vc_empty_space height=\u00a0\u00bb30px\u00a0\u00bb][\/vc_column_inner][vc_column_inner width=\u00a0\u00bb1\/4&Prime; offset=\u00a0\u00bbvc_col-md-3 vc_col-xs-6&Prime;][vc_single_image image=\u00a0\u00bb940&Prime; img_size=\u00a0\u00bbfull\u00a0\u00bb alignment=\u00a0\u00bbcenter\u00a0\u00bb qode_css_animation=\u00a0\u00bb\u00a0\u00bb][vc_empty_space height=\u00a0\u00bb47px\u00a0\u00bb][vc_column_text]<\/p>\n<h3>Animaux domestiques<\/h3>\n<p>[\/vc_column_text][vc_empty_space height=\u00a0\u00bb19px\u00a0\u00bb][vc_column_text]Un maximum de 2 animaux domestiques sont autoris\u00e9s.[\/vc_column_text][vc_empty_space height=\u00a0\u00bb30px\u00a0\u00bb][\/vc_column_inner][vc_column_inner width=\u00a0\u00bb1\/4&Prime; offset=\u00a0\u00bbvc_col-md-3 vc_col-xs-6&Prime;][vc_single_image image=\u00a0\u00bb924&Prime; img_size=\u00a0\u00bbfull\u00a0\u00bb alignment=\u00a0\u00bbcenter\u00a0\u00bb qode_css_animation=\u00a0\u00bb\u00a0\u00bb][vc_empty_space height=\u00a0\u00bb47px\u00a0\u00bb][vc_column_text]<\/p>\n<h3>Machine \u00e0 caf\u00e9<\/h3>\n<p>[\/vc_column_text][vc_empty_space height=\u00a0\u00bb19px\u00a0\u00bb][vc_column_text]Vous pouvez choisir selon vos go\u00fbts: Nespresso ou italien.[\/vc_column_text][vc_empty_space height=\u00a0\u00bb30px\u00a0\u00bb][\/vc_column_inner][vc_column_inner width=\u00a0\u00bb1\/4&Prime; offset=\u00a0\u00bbvc_col-md-3 vc_col-xs-6&Prime;][vc_single_image image=\u00a0\u00bb936&Prime; img_size=\u00a0\u00bbfull\u00a0\u00bb alignment=\u00a0\u00bbcenter\u00a0\u00bb qode_css_animation=\u00a0\u00bb\u00a0\u00bb][vc_empty_space height=\u00a0\u00bb47px\u00a0\u00bb][vc_column_text]<\/p>\n<h3>Bois de chauffage<\/h3>\n<p>[\/vc_column_text][vc_empty_space height=\u00a0\u00bb19px\u00a0\u00bb][vc_column_text]De nos for\u00eats gratuit pour la chemin\u00e9e.[\/vc_column_text][vc_empty_space height=\u00a0\u00bb30px\u00a0\u00bb][\/vc_column_inner][\/vc_row_inner][vc_row_inner row_type=\u00a0\u00bbrow\u00a0\u00bb type=\u00a0\u00bbfull_width\u00a0\u00bb text_align=\u00a0\u00bbcenter\u00a0\u00bb css_animation=\u00a0\u00bb\u00a0\u00bb][vc_column_inner width=\u00a0\u00bb1\/4&Prime; offset=\u00a0\u00bbvc_col-md-3 vc_col-xs-6&Prime;][vc_single_image image=\u00a0\u00bb1252&Prime; img_size=\u00a0\u00bbfull\u00a0\u00bb alignment=\u00a0\u00bbcenter\u00a0\u00bb qode_css_animation=\u00a0\u00bb\u00a0\u00bb][vc_empty_space height=\u00a0\u00bb47px\u00a0\u00bb][vc_column_text]<\/p>\n<h3>Piscine<\/h3>\n<p>[\/vc_column_text][vc_empty_space height=\u00a0\u00bb19px\u00a0\u00bb][vc_column_text]Piscine priv\u00e9e (eau sal\u00e9e).[\/vc_column_text][vc_empty_space height=\u00a0\u00bb30px\u00a0\u00bb][\/vc_column_inner][vc_column_inner width=\u00a0\u00bb1\/4&Prime;][vc_single_image image=\u00a0\u00bb1266&Prime; img_size=\u00a0\u00bbfull\u00a0\u00bb alignment=\u00a0\u00bbcenter\u00a0\u00bb qode_css_animation=\u00a0\u00bb\u00a0\u00bb][vc_empty_space height=\u00a0\u00bb47px\u00a0\u00bb][vc_column_text]<\/p>\n<h3>Jardin<\/h3>\n<p>[\/vc_column_text][vc_empty_space height=\u00a0\u00bb19px\u00a0\u00bb][vc_column_text]Grand jardin priv\u00e9.[\/vc_column_text][vc_empty_space height=\u00a0\u00bb30px\u00a0\u00bb][\/vc_column_inner][vc_column_inner width=\u00a0\u00bb1\/4&Prime; offset=\u00a0\u00bbvc_col-md-3 vc_col-xs-6&Prime;][vc_single_image image=\u00a0\u00bb944&Prime; img_size=\u00a0\u00bbfull\u00a0\u00bb alignment=\u00a0\u00bbcenter\u00a0\u00bb qode_css_animation=\u00a0\u00bb\u00a0\u00bb][vc_empty_space height=\u00a0\u00bb47px\u00a0\u00bb][vc_column_text]<\/p>\n<h3>Machine \u00e0 laver<\/h3>\n<p>[\/vc_column_text][vc_empty_space height=\u00a0\u00bb19px\u00a0\u00bb][vc_column_text]Lave-linge \u00e0 disposition dans la cuisine.[\/vc_column_text][vc_empty_space height=\u00a0\u00bb30px\u00a0\u00bb][\/vc_column_inner][vc_column_inner width=\u00a0\u00bb1\/4&Prime;][vc_single_image image=\u00a0\u00bb1444&Prime; img_size=\u00a0\u00bbfull\u00a0\u00bb alignment=\u00a0\u00bbcenter\u00a0\u00bb qode_css_animation=\u00a0\u00bb\u00a0\u00bb][vc_empty_space height=\u00a0\u00bb47px\u00a0\u00bb][vc_column_text]<\/p>\n<h3>Lave-vaisselle<\/h3>\n<p>[\/vc_column_text][vc_empty_space height=\u00a0\u00bb19px\u00a0\u00bb][vc_column_text]Lave-vaisselle disponible dans la cuisine.[\/vc_column_text][vc_empty_space height=\u00a0\u00bb30px\u00a0\u00bb][\/vc_column_inner][\/vc_row_inner][\/vc_column][\/vc_row][vc_row css_animation=\u00a0\u00bb\u00a0\u00bb row_type=\u00a0\u00bbrow\u00a0\u00bb use_row_as_full_screen_section=\u00a0\u00bbno\u00a0\u00bb type=\u00a0\u00bbfull_width\u00a0\u00bb angled_section=\u00a0\u00bbno\u00a0\u00bb text_align=\u00a0\u00bbleft\u00a0\u00bb background_image_as_pattern=\u00a0\u00bbwithout_pattern\u00a0\u00bb][vc_column][vc_separator type=\u00a0\u00bbnormal\u00a0\u00bb color=\u00a0\u00bb#000000&Prime; thickness=\u00a0\u00bb1&Prime; up=\u00a0\u00bb0&Prime; down=\u00a0\u00bb0&Prime;][\/vc_column][\/vc_row][vc_row css_animation=\u00a0\u00bb\u00a0\u00bb row_type=\u00a0\u00bbrow\u00a0\u00bb use_row_as_full_screen_section=\u00a0\u00bbno\u00a0\u00bb type=\u00a0\u00bbgrid\u00a0\u00bb angled_section=\u00a0\u00bbno\u00a0\u00bb text_align=\u00a0\u00bbleft\u00a0\u00bb background_image_as_pattern=\u00a0\u00bbwithout_pattern\u00a0\u00bb z_index=\u00a0\u00bb\u00a0\u00bb el_class=\u00a0\u00bbposicio\u00a0\u00bb padding_top=\u00a0\u00bb50&Prime;][vc_column][vc_column_text]<\/p>\n<h2 style=\"text-align: center;\">R\u00e9servez d\u00e8s maintenant votre s\u00e9jour \u00e0 Planademunt !<\/h2>\n<p>[\/vc_column_text][vc_empty_space height=\u00a0\u00bb50px\u00a0\u00bb][vc_raw_html]JTNDc2NyaXB0JTIwdHlwZSUzRCUyMnRleHQlMkZqYXZhc2NyaXB0JTIyJTIwc3JjJTNEJTIyaHR0cHMlM0ElMkYlMkZib29rb25saW5lLnBybyUyRndpZGdldHMlMkZzZWFyY2glMkZkaXN0JTJGaW5kZXguanMlMjIlMjBkZWZlciUzRSUzQyUyRnNjcmlwdCUzRSUwQSUyMCUyMCUyMCUyMCUzQ2RpdiUyMGRhdGEtYWNjb21tb2RhdGlvbnMtZmlsdGVyJTNEJTIybm9uZSUyMiUyMGRhdGEtdGFyZ2V0JTNEJTIyX2JsYW5rJTIyJTIwY2xhc3MlM0QlMjJhdmFpYm9vay1zZWFyY2gtd2lkZ2V0JTIyJTIwZGF0YS13aWRnZXQtaWQlM0QlMjIzMjIwMSUyMiUyMGRhdGEtd2lkZ2V0LXRva2VuJTNEJTIyOFlrc3JFc2djQndoWTNsUWVjZDMlMkJ3JTNEJTNEJTIyJTIwZGF0YS1iYWNrZ3JvdW5kLWNvbG9yJTNEJTIyJTIzRkZGRkZGJTIyJTIwZGF0YS1tYWluLWNvbG9yJTNEJTIyJTIzOTY2OTMxJTIyJTIwZGF0YS1ib3JkZXItcmFkaXVzJTNEJTIyMHB4JTIyJTIwZGF0YS1zaGFkb3clM0QlMjIwJTIwMnB4JTIwMTBweCUyMHJnYiUyODAlMjAwJTIwMCUyMCUyRiUyMDE2JTI1JTI5JTIyJTIwZGF0YS1wYWRkaW5nJTNEJTIyMXJlbSUyMiUyMGRhdGEtbGFuZ3VhZ2UlM0QlMjJmciUyMiUzRSUzQyUyRmRpdiUzRQ==[\/vc_raw_html][vc_empty_space height=\u00a0\u00bb25px\u00a0\u00bb][\/vc_column][\/vc_row][vc_row css_animation=\u00a0\u00bb\u00a0\u00bb row_type=\u00a0\u00bbrow\u00a0\u00bb use_row_as_full_screen_section=\u00a0\u00bbno\u00a0\u00bb type=\u00a0\u00bbfull_width\u00a0\u00bb angled_section=\u00a0\u00bbno\u00a0\u00bb text_align=\u00a0\u00bbleft\u00a0\u00bb background_image_as_pattern=\u00a0\u00bbwithout_pattern\u00a0\u00bb][vc_column][vc_single_image image=\u00a0\u00bb903&Prime; img_size=\u00a0\u00bbfull\u00a0\u00bb qode_css_animation=\u00a0\u00bb\u00a0\u00bb][\/vc_column][\/vc_row]<\/p>\n<\/div>","protected":false},"excerpt":{"rendered":"<p>[vc_row css_animation=\u00a0\u00bb\u00a0\u00bb row_type=\u00a0\u00bbrow\u00a0\u00bb use_row_as_full_screen_section=\u00a0\u00bbno\u00a0\u00bb type=\u00a0\u00bbfull_width\u00a0\u00bb angled_section=\u00a0\u00bbno\u00a0\u00bb text_align=\u00a0\u00bbleft\u00a0\u00bb background_image_as_pattern=\u00a0\u00bbwithout_pattern\u00a0\u00bb z_index=\u00a0\u00bb\u00a0\u00bb][vc_column][vc_single_image image=\u00a0\u00bb1333&Prime; img_size=\u00a0\u00bbfull\u00a0\u00bb alignment=\u00a0\u00bbcenter\u00a0\u00bb qode_css_animation=\u00a0\u00bb\u00a0\u00bb][\/vc_column][\/vc_row][vc_row css_animation=\u00a0\u00bb\u00a0\u00bb row_type=\u00a0\u00bbrow\u00a0\u00bb use_row_as_full_screen_section=\u00a0\u00bbno\u00a0\u00bb type=\u00a0\u00bbgrid\u00a0\u00bb angled_section=\u00a0\u00bbno\u00a0\u00bb text_align=\u00a0\u00bbleft\u00a0\u00bb background_image_as_pattern=\u00a0\u00bbwithout_pattern\u00a0\u00bb z_index=\u00a0\u00bb\u00a0\u00bb padding_top=\u00a0\u00bb30&Prime;][vc_column][vc_column_text] Accueil &gt;&gt; Planademunt [\/vc_column_text][\/vc_column][\/vc_row][vc_row css_animation=\u00a0\u00bb\u00a0\u00bb row_type=\u00a0\u00bbrow\u00a0\u00bb use_row_as_full_screen_section=\u00a0\u00bbno\u00a0\u00bb type=\u00a0\u00bbgrid\u00a0\u00bb angled_section=\u00a0\u00bbno\u00a0\u00bb text_align=\u00a0\u00bbleft\u00a0\u00bb background_image_as_pattern=\u00a0\u00bbwithout_pattern\u00a0\u00bb padding_top=\u00a0\u00bb50&Prime; padding_bottom=\u00a0\u00bb50&Prime; z_index=\u00a0\u00bb\u00a0\u00bb anchor=\u00a0\u00bbinici\u00a0\u00bb][vc_column width=\u00a0\u00bb1\/3&Prime; css=\u00a0\u00bb.vc_custom_1698067055206{padding-right: 10% !important;}\u00a0\u00bb][vc_column_text] La tranquillit\u00e9 que vous&hellip; <a class=\"continue\" href=\"https:\/\/www.maselcarrer.com\/fr\/maison-de-tourisme-rural-du-planademunt\/\">CONTINUAR >><span> Planademunt<\/span><\/a><\/p>\n","protected":false},"author":1,"featured_media":0,"parent":0,"menu_order":0,"comment_status":"closed","ping_status":"closed","template":"full_width.php","meta":{"_joinchat":[],"footnotes":""},"class_list":["post-1596","page","type-page","status-publish","hentry"],"_links":{"self":[{"href":"https:\/\/www.maselcarrer.com\/fr\/wp-json\/wp\/v2\/pages\/1596","targetHints":{"allow":["GET"]}}],"collection":[{"href":"https:\/\/www.maselcarrer.com\/fr\/wp-json\/wp\/v2\/pages"}],"about":[{"href":"https:\/\/www.maselcarrer.com\/fr\/wp-json\/wp\/v2\/types\/page"}],"author":[{"embeddable":true,"href":"https:\/\/www.maselcarrer.com\/fr\/wp-json\/wp\/v2\/users\/1"}],"replies":[{"embeddable":true,"href":"https:\/\/www.maselcarrer.com\/fr\/wp-json\/wp\/v2\/comments?post=1596"}],"version-history":[{"count":9,"href":"https:\/\/www.maselcarrer.com\/fr\/wp-json\/wp\/v2\/pages\/1596\/revisions"}],"predecessor-version":[{"id":2157,"href":"https:\/\/www.maselcarrer.com\/fr\/wp-json\/wp\/v2\/pages\/1596\/revisions\/2157"}],"wp:attachment":[{"href":"https:\/\/www.maselcarrer.com\/fr\/wp-json\/wp\/v2\/media?parent=1596"}],"curies":[{"name":"wp","href":"https:\/\/api.w.org\/{rel}","templated":true}]}}