{"id":1502,"date":"2023-10-24T15:51:35","date_gmt":"2023-10-24T13:51:35","guid":{"rendered":"https:\/\/webnova.maselcarrer.com\/?page_id=1502"},"modified":"2023-11-06T12:37:53","modified_gmt":"2023-11-06T10:37:53","slug":"que-hacer-en-la-garrotxa","status":"publish","type":"page","link":"https:\/\/www.maselcarrer.com\/es\/que-hacer-en-la-garrotxa\/","title":{"rendered":"Qu\u00e9 hacer"},"content":{"rendered":"<div class=\"wpb-content-wrapper\"><p>[vc_row css_animation=\u00bb\u00bb row_type=\u00bbrow\u00bb use_row_as_full_screen_section=\u00bbno\u00bb type=\u00bbfull_width\u00bb angled_section=\u00bbno\u00bb text_align=\u00bbleft\u00bb background_image_as_pattern=\u00bbwithout_pattern\u00bb z_index=\u00bb\u00bb][vc_column][vc_single_image image=\u00bb1365&#8243; img_size=\u00bbfull\u00bb alignment=\u00bbcenter\u00bb qode_css_animation=\u00bb\u00bb][\/vc_column][\/vc_row][vc_row css_animation=\u00bb\u00bb row_type=\u00bbrow\u00bb use_row_as_full_screen_section=\u00bbno\u00bb type=\u00bbgrid\u00bb angled_section=\u00bbno\u00bb text_align=\u00bbleft\u00bb background_image_as_pattern=\u00bbwithout_pattern\u00bb z_index=\u00bb\u00bb padding_top=\u00bb30&#8243;][vc_column][vc_column_text]<\/p>\n<p style=\"text-align: right;\"><a href=\"\/es\">Inicio<\/a> &gt;&gt; Qu\u00e9 hacer en La Garrotxa<\/p>\n<p>[\/vc_column_text][\/vc_column][\/vc_row][vc_row css_animation=\u00bb\u00bb row_type=\u00bbrow\u00bb use_row_as_full_screen_section=\u00bbno\u00bb type=\u00bbgrid\u00bb angled_section=\u00bbno\u00bb text_align=\u00bbleft\u00bb background_image_as_pattern=\u00bbwithout_pattern\u00bb padding_top=\u00bb50&#8243; padding_bottom=\u00bb50&#8243; z_index=\u00bb\u00bb anchor=\u00bbinici\u00bb][vc_column css=\u00bb.vc_custom_1698067055206{padding-right: 10% !important;}\u00bb][vc_column_text]<\/p>\n<p style=\"text-align: left; font-family: 'Kalam', sans-serif; font-size: 23px; color: #966931; font-weight: 400; line-height: 1;\">Actividades para realizar en La Garrotxa con ni\u00f1os, familia y\/o amigos<\/p>\n<p>[\/vc_column_text][vc_empty_space height=\u00bb12px\u00bb][vc_column_text]<\/p>\n<h1>Qu\u00e9 hacer en La Garrotxa<\/h1>\n<p>[\/vc_column_text][vc_empty_space height=\u00bb35px\u00bb][vc_column_text]<strong>La Garrotxa<\/strong> es una comarca llena de posibilidades para realizar <strong>actividades en la naturaleza<\/strong>, vivir los <strong>volcanes<\/strong> como el de <strong>Santa Margarita, <\/strong>visitar la <strong>Fageda d&#8217;en Jord\u00e0<\/strong>, hacer <strong>senderismo<\/strong> o <strong>bicicleta de monta\u00f1a<\/strong>, visitar pueblos con encanto como la <strong>villa medieval de Santa Pau<\/strong>, o el puente y el pueblo de <strong>Besal\u00fa<\/strong>, pasando, por supuesto, por <strong>Olot<\/strong>, la capital de la comarca con un buen atractivo gastron\u00f3mico, cultural y comercial.[\/vc_column_text][vc_empty_space height=\u00bb35px\u00bb]<a  itemprop=\"url\" href=\"https:\/\/es.turismegarrotxa.com\/inicio\/\" target=\"_blank\"  class=\"qbutton  default\" style=\"\">VISITA TURISMO GARROTXA<\/a>[\/vc_column][\/vc_row][vc_row css_animation=\u00bb\u00bb row_type=\u00bbrow\u00bb use_row_as_full_screen_section=\u00bbno\u00bb type=\u00bbfull_width\u00bb angled_section=\u00bbno\u00bb text_align=\u00bbleft\u00bb background_image_as_pattern=\u00bbwithout_pattern\u00bb][vc_column][vc_separator type=\u00bbnormal\u00bb color=\u00bb#000000&#8243; thickness=\u00bb1&#8243; up=\u00bb0&#8243; down=\u00bb0&#8243;][\/vc_column][\/vc_row][vc_row css_animation=\u00bb\u00bb row_type=\u00bbrow\u00bb use_row_as_full_screen_section=\u00bbno\u00bb type=\u00bbgrid\u00bb angled_section=\u00bbno\u00bb text_align=\u00bbleft\u00bb background_image_as_pattern=\u00bbwithout_pattern\u00bb padding_top=\u00bb75&#8243; padding_bottom=\u00bb75&#8243; z_index=\u00bb\u00bb][vc_column css=\u00bb.vc_custom_1698067055206{padding-right: 10% !important;}\u00bb][vc_column_text]<\/p>\n<h2>Cerca de Mas El Carrer y de Planademunt<\/h2>\n<p>[\/vc_column_text][vc_empty_space height=\u00bb10&#8243;][vc_column_text]<strong>ACTIVIDADES PARA HACER CON NI\u00d1OS, FAMILIA O AMIGOS A MENOS DE 10 MINUTOS EN COCHE DE LAS CASAS<\/strong>[\/vc_column_text][vc_empty_space height=\u00bb75&#8243;][vc_row_inner row_type=\u00bbrow\u00bb type=\u00bbfull_width\u00bb text_align=\u00bbleft\u00bb css_animation=\u00bb\u00bb padding_bottom=\u00bb75&#8243;][vc_column_inner width=\u00bb1\/2&#8243;][vc_single_image image=\u00bb1375&#8243; img_size=\u00bbfull\u00bb qode_css_animation=\u00bb\u00bb][vc_empty_space height=\u00bb35&#8243;][vc_column_text]<\/p>\n<h3>Santa Pau<\/h3>\n<p>[\/vc_column_text][vc_empty_space height=\u00bb25&#8243;][vc_column_text]La villa medieval de Santa Pau est\u00e1 situada en medio del parque natural de la Zona Volc\u00e1nica de La Garrotxa. El pueblo conserva el recinto de la villa vieja, con una fisonom\u00eda y caracter\u00edsticas medievales muy marcadas. Destaca la plaza Mayor o Firal dels Bous, una plaza porticada dispuesta alrededor del castillo. Destaca tambi\u00e9n la iglesia de Santa Maria y todo el conjunto de calles estrechas que desembocan en el Portal de Mar.[\/vc_column_text][vc_empty_space height=\u00bb50&#8243;]<a  itemprop=\"url\" href=\"https:\/\/visitsantapau.com\/\" target=\"_self\"  class=\"qbutton  default\" style=\"\">VISIT SANTA PAU<\/a>[vc_empty_space height=\u00bb10&#8243;]<a  itemprop=\"url\" href=\"https:\/\/www.strava.com\/activities\/9028979589?share_sig=FVYCNRP01698157742&#038;utm_medium=social&#038;utm_source=android_share\" target=\"_blank\"  class=\"qbutton  default\" style=\"\">RUTA A PIE HASTA A SANTA PAU<\/a>[vc_empty_space height=\u00bb50&#8243;][\/vc_column_inner][vc_column_inner width=\u00bb1\/2&#8243;][vc_single_image image=\u00bb1384&#8243; img_size=\u00bbfull\u00bb qode_css_animation=\u00bb\u00bb][vc_empty_space height=\u00bb35&#8243;][vc_column_text]<\/p>\n<h3>Fageda d&#8217;en Jord\u00e0<\/h3>\n<p>[\/vc_column_text][vc_empty_space height=\u00bb25&#8243;][vc_column_text]La Fageda d&#8217;en Jord\u00e0, una de las 26 reservas naturales del Parque Natural, crece sobre la colada de lava del volc\u00e1n del Croscat que se extiende por los municipios de Santa Pau, Olot y Les Preses. Bosque de hayas excepcional para crecer sobre la colada de lava del volc\u00e1n del Croscat, en un lugar llano, con colinas suaves (tozules), ya una altitud de 550 m.[\/vc_column_text][vc_empty_space height=\u00bb50&#8243;]<a  itemprop=\"url\" href=\"https:\/\/parcsnaturals.gencat.cat\/es\/xarxa-de-parcs\/garrotxa\/inici\/index.html\" target=\"_blank\"  class=\"qbutton  default\" style=\"\">PARQUE NATURAL ZONA VOLC\u00c1NICA<\/a>[vc_empty_space height=\u00bb10&#8243;]<a  itemprop=\"url\" href=\"https:\/\/parcsnaturals.gencat.cat\/es\/xarxa-de-parcs\/garrotxa\/gaudeix-del-parc\/equipaments-i-itineraris\/itineraris\/num2\/index.html\" target=\"_blank\"  class=\"qbutton  default\" style=\"\">SENDERO JOAN MARAGALL<\/a>[\/vc_column_inner][\/vc_row_inner][vc_row_inner row_type=\u00bbrow\u00bb type=\u00bbfull_width\u00bb text_align=\u00bbleft\u00bb css_animation=\u00bb\u00bb][vc_column_inner width=\u00bb1\/2&#8243;][vc_single_image image=\u00bb1392&#8243; img_size=\u00bbfull\u00bb qode_css_animation=\u00bb\u00bb][vc_empty_space height=\u00bb35&#8243;][vc_column_text]<\/p>\n<h3>Volc\u00e1n de Santa Margarida<\/h3>\n<p>[\/vc_column_text][vc_empty_space height=\u00bb25&#8243;][vc_column_text]Se trata de un volc\u00e1n mixto, que tuvo fases eruptivas de tipo estromboliano y freatomagm\u00e1tico. Estas \u00faltimas son explosivas, y la que se produjo en el de Santa Margarita abri\u00f3, al estallar, un amplio cr\u00e1ter circular, dentro del cual se encuentra la ermita que da nombre al volc\u00e1n. Salvo el cr\u00e1ter, que es hoy un prado, el resto del volc\u00e1n est\u00e1 recubierto de bosques, encinares a solana y caducifolios mixtos en la umbr\u00eda.[\/vc_column_text][vc_empty_space height=\u00bb50&#8243;]<a  itemprop=\"url\" href=\"https:\/\/parcsnaturals.gencat.cat\/es\/xarxa-de-parcs\/garrotxa\/gaudeix-del-parc\/equipaments-i-itineraris\/itineraris\/num3b\/index.html\" target=\"_blank\"  class=\"qbutton  default\" style=\"\">DE SANTA PAU AL VOLC\u00c1N<\/a>[vc_empty_space height=\u00bb10&#8243;]<a  itemprop=\"url\" href=\"https:\/\/parcsnaturals.gencat.cat\/es\/xarxa-de-parcs\/garrotxa\/gaudeix-del-parc\/equipaments-i-itineraris\/itineraris\/num3b\/index.html\" target=\"_blank\"  class=\"qbutton  default\" style=\"\">RUTA POR LA FAGEDA Y EL VOLC\u00c1N<\/a>[vc_empty_space height=\u00bb50&#8243;][\/vc_column_inner][vc_column_inner width=\u00bb1\/2&#8243;][vc_single_image image=\u00bb1399&#8243; img_size=\u00bbfull\u00bb qode_css_animation=\u00bb\u00bb][vc_empty_space height=\u00bb35&#8243;][vc_column_text]<\/p>\n<h3>Volc\u00e1n del Croscat<\/h3>\n<p>[\/vc_column_text][vc_empty_space height=\u00bb25&#8243;][vc_column_text]La zona de las grederas del volc\u00e1n del Croscat fue restaurada en 1995, a fin de ordenar el \u00e1rea degradada. El Croscat es el volc\u00e1n m\u00e1s joven de la zona volc\u00e1nica de La Garrotxa. Tuvo dos erupciones, la primera y mayor hace 17 000 a\u00f1os, y la segunda hace 11 500 a\u00f1os. La emisi\u00f3n de lavas fluidas y una serie de explosiones de violencia moderada dieron lugar a un cr\u00e1ter en forma de herradura.[\/vc_column_text][vc_empty_space height=\u00bb50&#8243;]<a  itemprop=\"url\" href=\"https:\/\/parcsnaturals.gencat.cat\/es\/xarxa-de-parcs\/garrotxa\/gaudeix-del-parc\/equipaments-i-itineraris\/itineraris\/num15\/index.html\" target=\"_blank\"  class=\"qbutton  default\" style=\"\">GRADERAS DEL CROSCAT<\/a>[\/vc_column_inner][\/vc_row_inner][\/vc_column][\/vc_row][vc_row css_animation=\u00bb\u00bb row_type=\u00bbrow\u00bb use_row_as_full_screen_section=\u00bbno\u00bb type=\u00bbfull_width\u00bb angled_section=\u00bbno\u00bb text_align=\u00bbleft\u00bb background_image_as_pattern=\u00bbwithout_pattern\u00bb][vc_column][vc_separator type=\u00bbnormal\u00bb color=\u00bb#000000&#8243; thickness=\u00bb1&#8243; up=\u00bb0&#8243; down=\u00bb0&#8243;][\/vc_column][\/vc_row][vc_row css_animation=\u00bb\u00bb row_type=\u00bbrow\u00bb use_row_as_full_screen_section=\u00bbno\u00bb type=\u00bbgrid\u00bb angled_section=\u00bbno\u00bb text_align=\u00bbleft\u00bb background_image_as_pattern=\u00bbwithout_pattern\u00bb padding_top=\u00bb75&#8243; padding_bottom=\u00bb75&#8243; z_index=\u00bb\u00bb][vc_column css=\u00bb.vc_custom_1698067055206{padding-right: 10% !important;}\u00bb][vc_column_text]<\/p>\n<h2>Un poco m\u00e1s lejos de Mas El Carrer y de Planademunt<\/h2>\n<p>[\/vc_column_text][vc_empty_space height=\u00bb10&#8243;][vc_column_text]<strong>ACTIVIDADES PARA HACER CON NI\u00d1OS, FAMILIA O AMIGOS A M\u00c1S DE 10 MINUTOS EN COCHE DE LAS CASAS<\/strong>[\/vc_column_text][vc_empty_space height=\u00bb75&#8243;][vc_row_inner row_type=\u00bbrow\u00bb type=\u00bbfull_width\u00bb text_align=\u00bbleft\u00bb css_animation=\u00bb\u00bb padding_bottom=\u00bb75&#8243;][vc_column_inner width=\u00bb1\/2&#8243;][vc_single_image image=\u00bb1408&#8243; img_size=\u00bbfull\u00bb qode_css_animation=\u00bb\u00bb][vc_empty_space height=\u00bb35&#8243;][vc_column_text]<\/p>\n<h3>Olot<\/h3>\n<p>[\/vc_column_text][vc_empty_space height=\u00bb25&#8243;][vc_column_text]Vivir entre volcanes forma parte de la cotidianidad de los olotenses, dado que la ciudad est\u00e1 situada en el parque natural de la Zona Volc\u00e1nica de La Garrotxa. Se encuentran cuatro volcanes de los que destaca el Montsacopa, una atalaya en medio de la ciudad. La arquitectura modernista y los paseos arbolados son los elementos de la ciudad que m\u00e1s cautivan por su belleza.[\/vc_column_text][vc_empty_space height=\u00bb50&#8243;]<a  itemprop=\"url\" href=\"https:\/\/www.turismeolot.com\/es\/\" target=\"_self\"  class=\"qbutton  default\" style=\"\">TURISMO OLOT<\/a>[vc_empty_space height=\u00bb50&#8243;][\/vc_column_inner][vc_column_inner width=\u00bb1\/2&#8243;][vc_single_image image=\u00bb1412&#8243; img_size=\u00bbfull\u00bb qode_css_animation=\u00bb\u00bb][vc_empty_space height=\u00bb35&#8243;][vc_column_text]<\/p>\n<h3>Besal\u00fa<\/h3>\n<p>[\/vc_column_text][vc_empty_space height=\u00bb25&#8243;][vc_column_text]El casco antiguo de Besal\u00fa es una obra declarada bien cultural de inter\u00e9s nacional. En 1979 fue declarado \u00abconjunto nacional\u00bb por su gran valor arquitect\u00f3nico. De los muros y fortificaciones del Besal\u00fa medieval quedan restos dispersos, a menudo en el interior de edificios posteriores. Sabemos que unos primeros muros proteg\u00edan el castillo condal y sus dependencias.[\/vc_column_text][vc_empty_space height=\u00bb50&#8243;]<a  itemprop=\"url\" href=\"https:\/\/www.rutaspirineos.org\/rutas\/circuit-de-besalu-beuda\" target=\"_blank\"  class=\"qbutton  default\" style=\"\">RUTA POR LOS ALREDEDORES DE BESAL\u00da<\/a>[\/vc_column_inner][\/vc_row_inner][vc_row_inner row_type=\u00bbrow\u00bb type=\u00bbfull_width\u00bb text_align=\u00bbleft\u00bb css_animation=\u00bb\u00bb][vc_column_inner width=\u00bb1\/2&#8243;][vc_single_image image=\u00bb1417&#8243; img_size=\u00bbfull\u00bb qode_css_animation=\u00bb\u00bb][vc_empty_space height=\u00bb35&#8243;][vc_column_text]<\/p>\n<h3>Castellfollir de la Roca<\/h3>\n<p>[\/vc_column_text][vc_empty_space height=\u00bb25&#8243;][vc_column_text]Los edificios del pueblo est\u00e1n fundamentalmente construidos con material volc\u00e1nico. El pavimento y el mobiliario del casco antiguo es de basalto, roca que se forma al enfriarse la lava. Podemos ver un riscal bas\u00e1ltico de 40 m de altura formado por la lava de dos coladas provenientes de volcanes de Olot y Begud\u00e0.[\/vc_column_text][vc_empty_space height=\u00bb50&#8243;]<a  itemprop=\"url\" href=\"https:\/\/parcsnaturals.gencat.cat\/es\/xarxa-de-parcs\/garrotxa\/gaudeix-del-parc\/equipaments-i-itineraris\/itineraris\/num13\/index.html\" target=\"_blank\"  class=\"qbutton  default\" style=\"\">RISCAL DE CASTELLFOLLIT<\/a>[vc_empty_space height=\u00bb50&#8243;][\/vc_column_inner][vc_column_inner width=\u00bb1\/2&#8243;][vc_single_image image=\u00bb1423&#8243; img_size=\u00bbfull\u00bb qode_css_animation=\u00bb\u00bb][vc_empty_space height=\u00bb35&#8243;][vc_column_text]<\/p>\n<h3>Rutas en bicicleta ya pie<\/h3>\n<p>[\/vc_column_text][vc_empty_space height=\u00bb25&#8243;][vc_column_text]Descubre diferentes rutas de las v\u00edas verdes para realizar en bicicleta oa pie. Puedes disfrutar de kil\u00f3metros de infraestructuras ferroviarias en desuso que han sido transformadas en itinerarios por cicloturismo y senderismo. Tambi\u00e9n te enlazamos con un mont\u00f3n m\u00e1s de rutas a pie y en bicicleta.[\/vc_column_text][vc_empty_space height=\u00bb50&#8243;]<a  itemprop=\"url\" href=\"https:\/\/es.turismegarrotxa.com\/que-hacer\/en-bicicleta\/\" target=\"_blank\"  class=\"qbutton  default\" style=\"\">RUTAS EN BICICLETA<\/a>[vc_empty_space height=\u00bb10&#8243;]<a  itemprop=\"url\" href=\"https:\/\/www.itinerannia.net\/es\/\" target=\"_blank\"  class=\"qbutton  default\" style=\"\">RUTAS A PIE<\/a>[\/vc_column_inner][\/vc_row_inner][\/vc_column][\/vc_row][vc_row css_animation=\u00bb\u00bb row_type=\u00bbrow\u00bb use_row_as_full_screen_section=\u00bbno\u00bb type=\u00bbfull_width\u00bb angled_section=\u00bbno\u00bb text_align=\u00bbleft\u00bb background_image_as_pattern=\u00bbwithout_pattern\u00bb][vc_column][vc_separator type=\u00bbnormal\u00bb color=\u00bb#000000&#8243; thickness=\u00bb1&#8243; up=\u00bb0&#8243; down=\u00bb0&#8243;][\/vc_column][\/vc_row][vc_row css_animation=\u00bb\u00bb row_type=\u00bbrow\u00bb use_row_as_full_screen_section=\u00bbno\u00bb type=\u00bbgrid\u00bb angled_section=\u00bbno\u00bb text_align=\u00bbleft\u00bb background_image_as_pattern=\u00bbwithout_pattern\u00bb z_index=\u00bb\u00bb el_class=\u00bbposicio\u00bb padding_top=\u00bb50&#8243;][vc_column][vc_column_text]<\/p>\n<h2 style=\"text-align: center;\">\u00a1Reserva ahora tu estancia!<\/h2>\n<p>[\/vc_column_text][vc_empty_space height=\u00bb50px\u00bb][vc_raw_html]JTNDc2NyaXB0JTIwdHlwZSUzRCUyMnRleHQlMkZqYXZhc2NyaXB0JTIyJTIwc3JjJTNEJTIyaHR0cHMlM0ElMkYlMkZib29rb25saW5lLnBybyUyRndpZGdldHMlMkZzZWFyY2glMkZkaXN0JTJGaW5kZXguanMlMjIlMjBkZWZlciUzRSUzQyUyRnNjcmlwdCUzRSUwQSUyMCUyMCUyMCUyMCUzQ2RpdiUyMGRhdGEtYWNjb21tb2RhdGlvbnMtZmlsdGVyJTNEJTIybm9uZSUyMiUyMGRhdGEtdGFyZ2V0JTNEJTIyX2JsYW5rJTIyJTIwY2xhc3MlM0QlMjJhdmFpYm9vay1zZWFyY2gtd2lkZ2V0JTIyJTIwZGF0YS13aWRnZXQtaWQlM0QlMjIzMjIwMSUyMiUyMGRhdGEtd2lkZ2V0LXRva2VuJTNEJTIyOFlrc3JFc2djQndoWTNsUWVjZDMlMkJ3JTNEJTNEJTIyJTIwZGF0YS1iYWNrZ3JvdW5kLWNvbG9yJTNEJTIyJTIzRkZGRkZGJTIyJTIwZGF0YS1tYWluLWNvbG9yJTNEJTIyJTIzOTY2OTMxJTIyJTIwZGF0YS1ib3JkZXItcmFkaXVzJTNEJTIyMHB4JTIyJTIwZGF0YS1zaGFkb3clM0QlMjIwJTIwMnB4JTIwMTBweCUyMHJnYiUyODAlMjAwJTIwMCUyMCUyRiUyMDE2JTI1JTI5JTIyJTIwZGF0YS1wYWRkaW5nJTNEJTIyMXJlbSUyMiUyMGRhdGEtbGFuZ3VhZ2UlM0QlMjJlcyUyMiUzRSUzQyUyRmRpdiUzRQ==[\/vc_raw_html][vc_empty_space height=\u00bb25px\u00bb][\/vc_column][\/vc_row][vc_row css_animation=\u00bb\u00bb row_type=\u00bbrow\u00bb use_row_as_full_screen_section=\u00bbno\u00bb type=\u00bbfull_width\u00bb angled_section=\u00bbno\u00bb text_align=\u00bbleft\u00bb background_image_as_pattern=\u00bbwithout_pattern\u00bb][vc_column][vc_single_image image=\u00bb903&#8243; img_size=\u00bbfull\u00bb qode_css_animation=\u00bb\u00bb][\/vc_column][\/vc_row]<\/p>\n<\/div>","protected":false},"excerpt":{"rendered":"<p>[vc_row css_animation=\u00bb\u00bb row_type=\u00bbrow\u00bb use_row_as_full_screen_section=\u00bbno\u00bb type=\u00bbfull_width\u00bb angled_section=\u00bbno\u00bb text_align=\u00bbleft\u00bb background_image_as_pattern=\u00bbwithout_pattern\u00bb z_index=\u00bb\u00bb][vc_column][vc_single_image image=\u00bb1365&#8243; img_size=\u00bbfull\u00bb alignment=\u00bbcenter\u00bb qode_css_animation=\u00bb\u00bb][\/vc_column][\/vc_row][vc_row css_animation=\u00bb\u00bb row_type=\u00bbrow\u00bb use_row_as_full_screen_section=\u00bbno\u00bb type=\u00bbgrid\u00bb angled_section=\u00bbno\u00bb text_align=\u00bbleft\u00bb background_image_as_pattern=\u00bbwithout_pattern\u00bb z_index=\u00bb\u00bb padding_top=\u00bb30&#8243;][vc_column][vc_column_text] Inicio &gt;&gt; Qu\u00e9 hacer en La Garrotxa [\/vc_column_text][\/vc_column][\/vc_row][vc_row css_animation=\u00bb\u00bb row_type=\u00bbrow\u00bb use_row_as_full_screen_section=\u00bbno\u00bb type=\u00bbgrid\u00bb angled_section=\u00bbno\u00bb text_align=\u00bbleft\u00bb background_image_as_pattern=\u00bbwithout_pattern\u00bb padding_top=\u00bb50&#8243; padding_bottom=\u00bb50&#8243; z_index=\u00bb\u00bb anchor=\u00bbinici\u00bb][vc_column css=\u00bb.vc_custom_1698067055206{padding-right: 10% !important;}\u00bb][vc_column_text] Actividades&hellip; <a class=\"continue\" href=\"https:\/\/www.maselcarrer.com\/es\/que-hacer-en-la-garrotxa\/\">CONTINUAR >><span> Qu\u00e9 hacer<\/span><\/a><\/p>\n","protected":false},"author":1,"featured_media":0,"parent":0,"menu_order":0,"comment_status":"closed","ping_status":"closed","template":"full_width.php","meta":{"_joinchat":[],"footnotes":""},"class_list":["post-1502","page","type-page","status-publish","hentry"],"_links":{"self":[{"href":"https:\/\/www.maselcarrer.com\/es\/wp-json\/wp\/v2\/pages\/1502","targetHints":{"allow":["GET"]}}],"collection":[{"href":"https:\/\/www.maselcarrer.com\/es\/wp-json\/wp\/v2\/pages"}],"about":[{"href":"https:\/\/www.maselcarrer.com\/es\/wp-json\/wp\/v2\/types\/page"}],"author":[{"embeddable":true,"href":"https:\/\/www.maselcarrer.com\/es\/wp-json\/wp\/v2\/users\/1"}],"replies":[{"embeddable":true,"href":"https:\/\/www.maselcarrer.com\/es\/wp-json\/wp\/v2\/comments?post=1502"}],"version-history":[{"count":6,"href":"https:\/\/www.maselcarrer.com\/es\/wp-json\/wp\/v2\/pages\/1502\/revisions"}],"predecessor-version":[{"id":1754,"href":"https:\/\/www.maselcarrer.com\/es\/wp-json\/wp\/v2\/pages\/1502\/revisions\/1754"}],"wp:attachment":[{"href":"https:\/\/www.maselcarrer.com\/es\/wp-json\/wp\/v2\/media?parent=1502"}],"curies":[{"name":"wp","href":"https:\/\/api.w.org\/{rel}","templated":true}]}}