{"id":1496,"date":"2023-10-16T19:03:10","date_gmt":"2023-10-16T17:03:10","guid":{"rendered":"https:\/\/webnova.maselcarrer.com\/?page_id=1496"},"modified":"2024-12-13T14:12:49","modified_gmt":"2024-12-13T12:12:49","slug":"casa-de-turismo-rural-planademunt","status":"publish","type":"page","link":"https:\/\/www.maselcarrer.com\/es\/casa-de-turismo-rural-planademunt\/","title":{"rendered":"Planademunt"},"content":{"rendered":"<div class=\"wpb-content-wrapper\"><p>[vc_row css_animation=\u00bb\u00bb row_type=\u00bbrow\u00bb use_row_as_full_screen_section=\u00bbno\u00bb type=\u00bbfull_width\u00bb angled_section=\u00bbno\u00bb text_align=\u00bbleft\u00bb background_image_as_pattern=\u00bbwithout_pattern\u00bb z_index=\u00bb\u00bb][vc_column][vc_single_image image=\u00bb1333&#8243; img_size=\u00bbfull\u00bb alignment=\u00bbcenter\u00bb qode_css_animation=\u00bb\u00bb][\/vc_column][\/vc_row][vc_row css_animation=\u00bb\u00bb row_type=\u00bbrow\u00bb use_row_as_full_screen_section=\u00bbno\u00bb type=\u00bbgrid\u00bb angled_section=\u00bbno\u00bb text_align=\u00bbleft\u00bb background_image_as_pattern=\u00bbwithout_pattern\u00bb z_index=\u00bb\u00bb padding_top=\u00bb30&#8243;][vc_column][vc_column_text]<\/p>\n<p style=\"text-align: right;\"><a href=\"\/es\">Inicio<\/a> &gt;&gt; Planademunt<\/p>\n<p>[\/vc_column_text][\/vc_column][\/vc_row][vc_row css_animation=\u00bb\u00bb row_type=\u00bbrow\u00bb use_row_as_full_screen_section=\u00bbno\u00bb type=\u00bbgrid\u00bb angled_section=\u00bbno\u00bb text_align=\u00bbleft\u00bb background_image_as_pattern=\u00bbwithout_pattern\u00bb padding_top=\u00bb50&#8243; padding_bottom=\u00bb50&#8243; z_index=\u00bb\u00bb anchor=\u00bbinici\u00bb][vc_column width=\u00bb1\/3&#8243; css=\u00bb.vc_custom_1698067055206{padding-right: 10% !important;}\u00bb][vc_column_text]<\/p>\n<p style=\"text-align: left; font-family: 'Kalam', sans-serif; font-size: 23px; color: #966931; font-weight: 400; line-height: 1;\">La tranquilidad que buscas en pleno Parque Natural de la Zona Volc\u00e1nica de La Garrotxa<\/p>\n<p>[\/vc_column_text][vc_empty_space height=\u00bb12px\u00bb][vc_column_text]<\/p>\n<h1>Casa de turismo rural Planademunt<\/h1>\n<p>[\/vc_column_text][vc_empty_space height=\u00bb35px\u00bb][vc_column_text]Ven a disfrutar de la tranquilidad que encontrar\u00e1s en la <strong>casa de turismo rural<\/strong> de <strong>Planademunt<\/strong>, acompa\u00f1ado de tus mascotas. Un entorno para realizar turismo rural lleno de posibilidades: <strong>excursiones a pie<\/strong>, <strong>a caballo<\/strong>, <strong>en bicicleta<\/strong> y otros.[\/vc_column_text][vc_empty_space height=\u00bb30px\u00bb]<a  itemprop=\"url\" href=\"\/es\/reservas\/\" target=\"_self\"  class=\"qbutton  default\" style=\"\">RESERVA AHORA<\/a>[vc_empty_space height=\u00bb30px\u00bb][\/vc_column][vc_column width=\u00bb2\/3&#8243; css=\u00bb.vc_custom_1698067172241{padding-left: 10% !important;}\u00bb][vc_gallery type=\u00bbflexslider_slide\u00bb interval=\u00bb10&#8243; images=\u00bb1132,1108,1116,1120,1124,1128,1136,1112,1140&#8243; img_size=\u00bbfull\u00bb direction_nav=\u00bbyes\u00bb control_nav=\u00bbyes\u00bb][vc_empty_space height=\u00bb25px\u00bb][vc_column_text css=\u00bb.vc_custom_1698752841347{margin-top: -50px !important;}\u00bb]<\/p>\n<p style=\"texto-align: right;\"><strong>Planademunt<\/strong>, situada en medio del valle de los Arcos, bajo la sierra de Finestres, en el <strong>Parque Natural de la Zona Volc\u00e1nica de La Garrotxa<\/strong> ya 350 metros de la <strong>casa de turismo rural<\/strong> de <strong>Mas El Carrer<\/strong>. La casa, recientemente rehabilitada y equipada, es ideal para hacer <strong>turismo rural en familia<\/strong> o <strong>amigos<\/strong>, siempre acompa\u00f1ados de sus <strong>mascotas<\/strong>. Consta de <strong>comedor-sala de estar <\/strong>con <strong>chimenea<\/strong>, <strong>cocina<\/strong>, <strong>2 ba\u00f1os<\/strong>, <strong>3 habitaciones<\/strong>, <strong>jard\u00edn<\/strong> y <strong>piscina privada<\/strong>.<\/p>\n<p>[\/vc_column_text][\/vc_column][\/vc_row][vc_row css_animation=\u00bb\u00bb row_type=\u00bbrow\u00bb use_row_as_full_screen_section=\u00bbno\u00bb type=\u00bbfull_width\u00bb angled_section=\u00bbno\u00bb text_align=\u00bbleft\u00bb background_image_as_pattern=\u00bbwithout_pattern\u00bb][vc_column][vc_separator type=\u00bbnormal\u00bb color=\u00bb#000000&#8243; thickness=\u00bb1&#8243; up=\u00bb0&#8243; down=\u00bb0&#8243;][\/vc_column][\/vc_row][vc_row css_animation=\u00bb\u00bb row_type=\u00bbrow\u00bb use_row_as_full_screen_section=\u00bbno\u00bb type=\u00bbgrid\u00bb angled_section=\u00bbno\u00bb text_align=\u00bbleft\u00bb background_image_as_pattern=\u00bbwithout_pattern\u00bb padding_top=\u00bb50&#8243; padding_bottom=\u00bb50&#8243; z_index=\u00bb\u00bb anchor=\u00bbla-cabana\u00bb][vc_column][vc_column_text]<\/p>\n<h2 style=\"text-align: left;\">Planademunt<\/h2>\n<p>[\/vc_column_text][vc_empty_space height=\u00bb10&#8243;][vc_column_text]<\/p>\n<p style=\"text-align: left;\"><strong>CASA INDEPENDIENTE DE 4 HABITACIONES<\/strong><br \/>\n<strong>6-8 PERSONAS<\/strong><\/p>\n<p>[\/vc_column_text][vc_empty_space height=\u00bb25&#8243;][vc_row_inner row_type=\u00bbrow\u00bb type=\u00bbfull_width\u00bb text_align=\u00bbleft\u00bb css_animation=\u00bb\u00bb][vc_column_inner width=\u00bb1\/2&#8243;][vc_gallery type=\u00bbflexslider_slide\u00bb interval=\u00bb0&#8243; images=\u00bb1651,1655,1659,1663,1667,1225,1153,1157,1161,1229,1233,1237,1165,1169,1173,1177,1181,1185,1209,1213,1217,1671,1675,1679,1683&#8243; img_size=\u00bbfull\u00bb direction_nav=\u00bbyes\u00bb control_nav=\u00bbyes\u00bb][\/vc_column_inner][vc_column_inner width=\u00bb1\/2&#8243;][vc_separator type=\u00bbnormal\u00bb color=\u00bb#000000&#8243; thickness=\u00bb1&#8243; up=\u00bb0&#8243; down=\u00bb25&#8243;][vc_column_text]Ideal para personas que buscan m\u00e1s <strong>privacidad<\/strong> y con una capacidad media. <strong>Casa<\/strong>, <strong>jard\u00edn<\/strong> y <strong>piscina privados<\/strong>.[\/vc_column_text][vc_empty_space height=\u00bb50&#8243;][vc_column_text]<\/p>\n<p style=\"text-align: left; font-family: 'Kalam', sans-serif; font-size: 23px; color: #966931; font-weight: 400; line-height: 1;\">Caracter\u00edsticas:<\/p>\n<p>&nbsp;<\/p>\n<ul>\n<li style=\"list-style-type: none;\">\n<ul>\n<li style=\"list-style-type: none;\">\n<ul>\n<li>Casa independiente (sin vecinos).<\/li>\n<li>Alojamiento en tres plantas (hay escaleras).<\/li>\n<li>Comedor con mesa, sof\u00e1, televisi\u00f3n y chimenea.<\/li>\n<li>Cocina completamente equipada.<\/li>\n<li>Lavavajillas.<\/li>\n<li>2 ba\u00f1os (1 de ellos con ba\u00f1era).<\/li>\n<li><strong>Habitaci\u00f3n 1:<\/strong> cama doble (1\u00aa planta).<\/li>\n<li><strong>Habitaci\u00f3n 2:<\/strong> dos camas individuales (1a planta).<\/li>\n<li><strong>Habitaci\u00f3n 3:<\/strong> cama doble (2\u00aa planta).<\/li>\n<li><strong>Habitaci\u00f3n 4:<\/strong> sof\u00e1 cama en el comedor (planta baja).<\/li>\n<\/ul>\n<\/li>\n<\/ul>\n<\/li>\n<\/ul>\n<p>[\/vc_column_text][vc_separator type=\u00bbnormal\u00bb color=\u00bb#000000&#8243; thickness=\u00bb1&#8243; up=\u00bb25&#8243; down=\u00bb25&#8243;]<a  itemprop=\"url\" href=\"\/es\/reservas\/\" target=\"_self\"  class=\"qbutton  default\" style=\"\">RESERVA AHORA<\/a>[\/vc_column_inner][\/vc_row_inner][\/vc_column][\/vc_row][vc_row css_animation=\u00bb\u00bb row_type=\u00bbrow\u00bb use_row_as_full_screen_section=\u00bbno\u00bb type=\u00bbfull_width\u00bb angled_section=\u00bbno\u00bb text_align=\u00bbleft\u00bb background_image_as_pattern=\u00bbwithout_pattern\u00bb][vc_column][vc_separator type=\u00bbnormal\u00bb color=\u00bb#000000&#8243; thickness=\u00bb1&#8243; up=\u00bb0&#8243; down=\u00bb0&#8243;][\/vc_column][\/vc_row][vc_row css_animation=\u00bb\u00bb row_type=\u00bbrow\u00bb use_row_as_full_screen_section=\u00bbno\u00bb type=\u00bbgrid\u00bb angled_section=\u00bbno\u00bb text_align=\u00bbleft\u00bb background_image_as_pattern=\u00bbwithout_pattern\u00bb padding_top=\u00bb75&#8243; padding_bottom=\u00bb0&#8243; z_index=\u00bb\u00bb][vc_column offset=\u00bbvc_col-md-5&#8243; css=\u00bb.vc_custom_1697111553899{padding-right: 10% !important;}\u00bb][vc_column_text]<\/p>\n<p style=\"text-align: left; font-family: 'Kalam', sans-serif; font-size: 23px; color: #966931; font-weight: 400; line-height: 1;\">Casa completamente equipada<\/p>\n<p>[\/vc_column_text][vc_empty_space height=\u00bb12px\u00bb][vc_column_text]<\/p>\n<h2>Todo lo que necesitas lo tienes<\/h2>\n<p>[\/vc_column_text][vc_empty_space height=\u00bb33px\u00bb][vc_column_text]En la casa de <strong>turismo rural<\/strong> de <strong>Planademunt<\/strong> encontrar\u00e1s todo lo necesario para hacer que tu estancia sea muy agradable: <strong>sala-comedor con chimenea<\/strong>, <strong>calefacci\u00f3n<\/strong>, <strong>televisi\u00f3n<\/strong> y <strong>cocina equipada<\/strong>. La casa dispone de <strong>piscina<\/strong>,\u00a0<strong>p\u00e1rquing<\/strong> y <strong>Wi-Fi gratuito<\/strong> (IMPORTANTE: la wifi nos llega v\u00eda sat\u00e9lite y no siempre podemos garantizar una conexi\u00f3n estable). Te ofrecemos la <strong>le\u00f1a gratis<\/strong>: comprometidos con nuestro entorno, la finca de Planademunt est\u00e1 adherida a diferentes proyectos de mantenimiento de bosques y recuperaci\u00f3n de pastos. Como resultado de estas tareas, extraemos la le\u00f1a que puedes utilizar en la chimenea.[\/vc_column_text][vc_empty_space height=\u00bb33px\u00bb]<a  itemprop=\"url\" href=\"\/es\/reservas\/\" target=\"_self\"  class=\"qbutton  default\" style=\"\">RESERVA AHORA<\/a>[vc_empty_space height=\u00bb30px\u00bb][\/vc_column][vc_column offset=\u00bbvc_col-md-7&#8243;][vc_row_inner row_type=\u00bbrow\u00bb type=\u00bbfull_width\u00bb text_align=\u00bbcenter\u00bb css_animation=\u00bb\u00bb padding_bottom=\u00bb25&#8243;][vc_column_inner width=\u00bb1\/4&#8243; offset=\u00bbvc_col-md-3 vc_col-xs-6&#8243;][vc_single_image image=\u00bb928&#8243; img_size=\u00bbfull\u00bb alignment=\u00bbcenter\u00bb qode_css_animation=\u00bb\u00bb][vc_empty_space height=\u00bb47px\u00bb][vc_column_text]<\/p>\n<h3>Calefacci\u00f3n<\/h3>\n<p>[\/vc_column_text][vc_empty_space height=\u00bb19px\u00bb][vc_column_text]Calefacci\u00f3n para gozar todo el a\u00f1o.[\/vc_column_text][vc_empty_space height=\u00bb30px\u00bb][\/vc_column_inner][vc_column_inner width=\u00bb1\/4&#8243; offset=\u00bbvc_col-md-3 vc_col-xs-6&#8243;][vc_single_image image=\u00bb919&#8243; img_size=\u00bbfull\u00bb alignment=\u00bbcenter\u00bb qode_css_animation=\u00bb\u00bb][vc_empty_space height=\u00bb47px\u00bb][vc_column_text]<\/p>\n<h3>Chimenea<\/h3>\n<p>[\/vc_column_text][vc_empty_space height=\u00bb19px\u00bb][vc_column_text]Chimenea muy acogedora en el comedor.[\/vc_column_text][vc_empty_space height=\u00bb30px\u00bb][\/vc_column_inner][vc_column_inner width=\u00bb1\/4&#8243; offset=\u00bbvc_col-md-3 vc_col-xs-6&#8243;][vc_single_image image=\u00bb932&#8243; img_size=\u00bbfull\u00bb alignment=\u00bbcenter\u00bb qode_css_animation=\u00bb\u00bb][vc_empty_space height=\u00bb47px\u00bb][vc_column_text]<\/p>\n<h3>Cocina<\/h3>\n<p>[\/vc_column_text][vc_empty_space height=\u00bb19px\u00bb][vc_column_text]Cocina equipada con todo lo necesario para la estancia.[\/vc_column_text][vc_empty_space height=\u00bb30px\u00bb][\/vc_column_inner][vc_column_inner width=\u00bb1\/4&#8243; offset=\u00bbvc_col-md-3 vc_col-xs-6&#8243;][vc_single_image image=\u00bb952&#8243; img_size=\u00bbfull\u00bb alignment=\u00bbcenter\u00bb qode_css_animation=\u00bb\u00bb][vc_empty_space height=\u00bb47px\u00bb][vc_column_text]<\/p>\n<h3>WI-FI<\/h3>\n<p>[\/vc_column_text][vc_empty_space height=\u00bb19px\u00bb][vc_column_text]WI-FI gratuita pero con ancho de banda limitada.[\/vc_column_text][vc_empty_space height=\u00bb30px\u00bb][\/vc_column_inner][\/vc_row_inner][vc_row_inner row_type=\u00bbrow\u00bb type=\u00bbfull_width\u00bb text_align=\u00bbcenter\u00bb css_animation=\u00bb\u00bb padding_bottom=\u00bb25&#8243;][vc_column_inner width=\u00bb1\/4&#8243; offset=\u00bbvc_col-md-3 vc_col-xs-6&#8243;][vc_single_image image=\u00bb948&#8243; img_size=\u00bbfull\u00bb alignment=\u00bbcenter\u00bb qode_css_animation=\u00bb\u00bb][vc_empty_space height=\u00bb47px\u00bb][vc_column_text]<\/p>\n<h3>Ropa<\/h3>\n<p>[\/vc_column_text][vc_empty_space height=\u00bb19px\u00bb][vc_column_text]S\u00e1banas y toallas en todas las habitaciones.[\/vc_column_text][vc_empty_space height=\u00bb30px\u00bb][\/vc_column_inner][vc_column_inner width=\u00bb1\/4&#8243; offset=\u00bbvc_col-md-3 vc_col-xs-6&#8243;][vc_single_image image=\u00bb940&#8243; img_size=\u00bbfull\u00bb alignment=\u00bbcenter\u00bb qode_css_animation=\u00bb\u00bb][vc_empty_space height=\u00bb47px\u00bb][vc_column_text]<\/p>\n<h3>Mascotas<\/h3>\n<p>[\/vc_column_text][vc_empty_space height=\u00bb19px\u00bb][vc_column_text]Se permite un m\u00e1ximo de 2 mascotas.[\/vc_column_text][vc_empty_space height=\u00bb30px\u00bb][\/vc_column_inner][vc_column_inner width=\u00bb1\/4&#8243; offset=\u00bbvc_col-md-3 vc_col-xs-6&#8243;][vc_single_image image=\u00bb924&#8243; img_size=\u00bbfull\u00bb alignment=\u00bbcenter\u00bb qode_css_animation=\u00bb\u00bb][vc_empty_space height=\u00bb47px\u00bb][vc_column_text]<\/p>\n<h3>Cafetera<\/h3>\n<p>[\/vc_column_text][vc_empty_space height=\u00bb19px\u00bb][vc_column_text]Puede elegir seg\u00fan el gusto: Nespresso o italiana.[\/vc_column_text][vc_empty_space height=\u00bb30px\u00bb][\/vc_column_inner][vc_column_inner width=\u00bb1\/4&#8243; offset=\u00bbvc_col-md-3 vc_col-xs-6&#8243;][vc_single_image image=\u00bb936&#8243; img_size=\u00bbfull\u00bb alignment=\u00bbcenter\u00bb qode_css_animation=\u00bb\u00bb][vc_empty_space height=\u00bb47px\u00bb][vc_column_text]<\/p>\n<h3>Le\u00f1a<\/h3>\n<p>[\/vc_column_text][vc_empty_space height=\u00bb19px\u00bb][vc_column_text]De nuestros bosques gratuita para la chimenea.[\/vc_column_text][vc_empty_space height=\u00bb30px\u00bb][\/vc_column_inner][\/vc_row_inner][vc_row_inner row_type=\u00bbrow\u00bb type=\u00bbfull_width\u00bb text_align=\u00bbcenter\u00bb css_animation=\u00bb\u00bb][vc_column_inner width=\u00bb1\/4&#8243; offset=\u00bbvc_col-md-3 vc_col-xs-6&#8243;][vc_single_image image=\u00bb1252&#8243; img_size=\u00bbfull\u00bb alignment=\u00bbcenter\u00bb qode_css_animation=\u00bb\u00bb][vc_empty_space height=\u00bb47px\u00bb][vc_column_text]<\/p>\n<h3>Piscina<\/h3>\n<p>[\/vc_column_text][vc_empty_space height=\u00bb19px\u00bb][vc_column_text]Piscina privada (agua salada).[\/vc_column_text][vc_empty_space height=\u00bb30px\u00bb][\/vc_column_inner][vc_column_inner width=\u00bb1\/4&#8243;][vc_single_image image=\u00bb1266&#8243; img_size=\u00bbfull\u00bb alignment=\u00bbcenter\u00bb qode_css_animation=\u00bb\u00bb][vc_empty_space height=\u00bb47px\u00bb][vc_column_text]<\/p>\n<h3>Jard\u00edn<\/h3>\n<p>[\/vc_column_text][vc_empty_space height=\u00bb19px\u00bb][vc_column_text]Gran jard\u00edn privado.[\/vc_column_text][vc_empty_space height=\u00bb30px\u00bb][\/vc_column_inner][vc_column_inner width=\u00bb1\/4&#8243; offset=\u00bbvc_col-md-3 vc_col-xs-6&#8243;][vc_single_image image=\u00bb944&#8243; img_size=\u00bbfull\u00bb alignment=\u00bbcenter\u00bb qode_css_animation=\u00bb\u00bb][vc_empty_space height=\u00bb47px\u00bb][vc_column_text]<\/p>\n<h3>Lavadora<\/h3>\n<p>[\/vc_column_text][vc_empty_space height=\u00bb19px\u00bb][vc_column_text]Lavadora disponible en la cocina.[\/vc_column_text][vc_empty_space height=\u00bb30px\u00bb][\/vc_column_inner][vc_column_inner width=\u00bb1\/4&#8243;][vc_single_image image=\u00bb1444&#8243; img_size=\u00bbfull\u00bb alignment=\u00bbcenter\u00bb qode_css_animation=\u00bb\u00bb][vc_empty_space height=\u00bb47px\u00bb][vc_column_text]<\/p>\n<h3>Lavavajillas<\/h3>\n<p>[\/vc_column_text][vc_empty_space height=\u00bb19px\u00bb][vc_column_text]Lavavajillas disponible en la cocina.[\/vc_column_text][vc_empty_space height=\u00bb30px\u00bb][\/vc_column_inner][\/vc_row_inner][\/vc_column][\/vc_row][vc_row css_animation=\u00bb\u00bb row_type=\u00bbrow\u00bb use_row_as_full_screen_section=\u00bbno\u00bb type=\u00bbfull_width\u00bb angled_section=\u00bbno\u00bb text_align=\u00bbleft\u00bb background_image_as_pattern=\u00bbwithout_pattern\u00bb][vc_column][vc_separator type=\u00bbnormal\u00bb color=\u00bb#000000&#8243; thickness=\u00bb1&#8243; up=\u00bb0&#8243; down=\u00bb0&#8243;][\/vc_column][\/vc_row][vc_row css_animation=\u00bb\u00bb row_type=\u00bbrow\u00bb use_row_as_full_screen_section=\u00bbno\u00bb type=\u00bbgrid\u00bb angled_section=\u00bbno\u00bb text_align=\u00bbleft\u00bb background_image_as_pattern=\u00bbwithout_pattern\u00bb z_index=\u00bb\u00bb el_class=\u00bbposicio\u00bb padding_top=\u00bb50&#8243;][vc_column][vc_column_text]<\/p>\n<h2 style=\"text-align: center;\">\u00a1Reserva ahora tu estancia en Planademunt!<\/h2>\n<p>[\/vc_column_text][vc_empty_space height=\u00bb50px\u00bb][vc_raw_html]JTNDc2NyaXB0JTIwdHlwZSUzRCUyMnRleHQlMkZqYXZhc2NyaXB0JTIyJTIwc3JjJTNEJTIyaHR0cHMlM0ElMkYlMkZib29rb25saW5lLnBybyUyRndpZGdldHMlMkZzZWFyY2glMkZkaXN0JTJGaW5kZXguanMlMjIlMjBkZWZlciUzRSUzQyUyRnNjcmlwdCUzRSUwQSUyMCUyMCUyMCUyMCUzQ2RpdiUyMGRhdGEtYWNjb21tb2RhdGlvbnMtZmlsdGVyJTNEJTIybm9uZSUyMiUyMGRhdGEtdGFyZ2V0JTNEJTIyX2JsYW5rJTIyJTIwY2xhc3MlM0QlMjJhdmFpYm9vay1zZWFyY2gtd2lkZ2V0JTIyJTIwZGF0YS13aWRnZXQtaWQlM0QlMjIzMjIwMSUyMiUyMGRhdGEtd2lkZ2V0LXRva2VuJTNEJTIyOFlrc3JFc2djQndoWTNsUWVjZDMlMkJ3JTNEJTNEJTIyJTIwZGF0YS1iYWNrZ3JvdW5kLWNvbG9yJTNEJTIyJTIzRkZGRkZGJTIyJTIwZGF0YS1tYWluLWNvbG9yJTNEJTIyJTIzOTY2OTMxJTIyJTIwZGF0YS1ib3JkZXItcmFkaXVzJTNEJTIyMHB4JTIyJTIwZGF0YS1zaGFkb3clM0QlMjIwJTIwMnB4JTIwMTBweCUyMHJnYiUyODAlMjAwJTIwMCUyMCUyRiUyMDE2JTI1JTI5JTIyJTIwZGF0YS1wYWRkaW5nJTNEJTIyMXJlbSUyMiUyMGRhdGEtbGFuZ3VhZ2UlM0QlMjJlcyUyMiUzRSUzQyUyRmRpdiUzRQ==[\/vc_raw_html][vc_empty_space height=\u00bb25px\u00bb][\/vc_column][\/vc_row][vc_row css_animation=\u00bb\u00bb row_type=\u00bbrow\u00bb use_row_as_full_screen_section=\u00bbno\u00bb type=\u00bbfull_width\u00bb angled_section=\u00bbno\u00bb text_align=\u00bbleft\u00bb background_image_as_pattern=\u00bbwithout_pattern\u00bb][vc_column][vc_single_image image=\u00bb903&#8243; img_size=\u00bbfull\u00bb qode_css_animation=\u00bb\u00bb][\/vc_column][\/vc_row]<\/p>\n<\/div>","protected":false},"excerpt":{"rendered":"<p>[vc_row css_animation=\u00bb\u00bb row_type=\u00bbrow\u00bb use_row_as_full_screen_section=\u00bbno\u00bb type=\u00bbfull_width\u00bb angled_section=\u00bbno\u00bb text_align=\u00bbleft\u00bb background_image_as_pattern=\u00bbwithout_pattern\u00bb z_index=\u00bb\u00bb][vc_column][vc_single_image image=\u00bb1333&#8243; img_size=\u00bbfull\u00bb alignment=\u00bbcenter\u00bb qode_css_animation=\u00bb\u00bb][\/vc_column][\/vc_row][vc_row css_animation=\u00bb\u00bb row_type=\u00bbrow\u00bb use_row_as_full_screen_section=\u00bbno\u00bb type=\u00bbgrid\u00bb angled_section=\u00bbno\u00bb text_align=\u00bbleft\u00bb background_image_as_pattern=\u00bbwithout_pattern\u00bb z_index=\u00bb\u00bb padding_top=\u00bb30&#8243;][vc_column][vc_column_text] Inicio &gt;&gt; Planademunt [\/vc_column_text][\/vc_column][\/vc_row][vc_row css_animation=\u00bb\u00bb row_type=\u00bbrow\u00bb use_row_as_full_screen_section=\u00bbno\u00bb type=\u00bbgrid\u00bb angled_section=\u00bbno\u00bb text_align=\u00bbleft\u00bb background_image_as_pattern=\u00bbwithout_pattern\u00bb padding_top=\u00bb50&#8243; padding_bottom=\u00bb50&#8243; z_index=\u00bb\u00bb anchor=\u00bbinici\u00bb][vc_column width=\u00bb1\/3&#8243; css=\u00bb.vc_custom_1698067055206{padding-right: 10% !important;}\u00bb][vc_column_text] La tranquilidad que buscas&hellip; <a class=\"continue\" href=\"https:\/\/www.maselcarrer.com\/es\/casa-de-turismo-rural-planademunt\/\">CONTINUAR >><span> Planademunt<\/span><\/a><\/p>\n","protected":false},"author":1,"featured_media":0,"parent":0,"menu_order":0,"comment_status":"closed","ping_status":"closed","template":"full_width.php","meta":{"_joinchat":[],"footnotes":""},"class_list":["post-1496","page","type-page","status-publish","hentry"],"_links":{"self":[{"href":"https:\/\/www.maselcarrer.com\/es\/wp-json\/wp\/v2\/pages\/1496","targetHints":{"allow":["GET"]}}],"collection":[{"href":"https:\/\/www.maselcarrer.com\/es\/wp-json\/wp\/v2\/pages"}],"about":[{"href":"https:\/\/www.maselcarrer.com\/es\/wp-json\/wp\/v2\/types\/page"}],"author":[{"embeddable":true,"href":"https:\/\/www.maselcarrer.com\/es\/wp-json\/wp\/v2\/users\/1"}],"replies":[{"embeddable":true,"href":"https:\/\/www.maselcarrer.com\/es\/wp-json\/wp\/v2\/comments?post=1496"}],"version-history":[{"count":8,"href":"https:\/\/www.maselcarrer.com\/es\/wp-json\/wp\/v2\/pages\/1496\/revisions"}],"predecessor-version":[{"id":2155,"href":"https:\/\/www.maselcarrer.com\/es\/wp-json\/wp\/v2\/pages\/1496\/revisions\/2155"}],"wp:attachment":[{"href":"https:\/\/www.maselcarrer.com\/es\/wp-json\/wp\/v2\/media?parent=1496"}],"curies":[{"name":"wp","href":"https:\/\/api.w.org\/{rel}","templated":true}]}}