{"id":1480,"date":"2018-02-19T08:23:05","date_gmt":"2018-02-19T06:23:05","guid":{"rendered":"https:\/\/webnova.maselcarrer.com\/?page_id=1480"},"modified":"2024-10-25T08:41:44","modified_gmt":"2024-10-25T06:41:44","slug":"inicio","status":"publish","type":"page","link":"https:\/\/www.maselcarrer.com\/es\/","title":{"rendered":"Inicio"},"content":{"rendered":"<div class=\"wpb-content-wrapper\"><p>[vc_row css_animation=\u00bb\u00bb row_type=\u00bbrow\u00bb use_row_as_full_screen_section=\u00bbno\u00bb type=\u00bbfull_width\u00bb angled_section=\u00bbno\u00bb text_align=\u00bbleft\u00bb background_image_as_pattern=\u00bbwithout_pattern\u00bb z_index=\u00bb\u00bb padding_bottom=\u00bb0&#8243;][vc_column][vc_gallery interval=\u00bb15&#8243; images=\u00bb1912,964&#8243; img_size=\u00bbfull\u00bb onclick=\u00bb\u00bb direction_nav=\u00bbyes\u00bb control_nav=\u00bbno\u00bb][\/vc_column][\/vc_row][vc_row css_animation=\u00bb\u00bb row_type=\u00bbrow\u00bb use_row_as_full_screen_section=\u00bbno\u00bb type=\u00bbgrid\u00bb angled_section=\u00bbno\u00bb text_align=\u00bbleft\u00bb background_image_as_pattern=\u00bbwithout_pattern\u00bb z_index=\u00bb\u00bb el_class=\u00bbposicio\u00bb padding_top=\u00bb0&#8243; padding_bottom=\u00bb0&#8243; css=\u00bb.vc_custom_1698746685345{margin-top: -25px !important;}\u00bb][vc_column offset=\u00bbvc_hidden-md vc_hidden-sm vc_hidden-xs\u00bb][vc_raw_html]JTNDc2NyaXB0JTIwdHlwZSUzRCUyMnRleHQlMkZqYXZhc2NyaXB0JTIyJTIwc3JjJTNEJTIyaHR0cHMlM0ElMkYlMkZib29rb25saW5lLnBybyUyRndpZGdldHMlMkZzZWFyY2glMkZkaXN0JTJGaW5kZXguanMlMjIlMjBkZWZlciUzRSUzQyUyRnNjcmlwdCUzRSUwQSUyMCUyMCUyMCUyMCUzQ2RpdiUyMGRhdGEtYWNjb21tb2RhdGlvbnMtZmlsdGVyJTNEJTIybm9uZSUyMiUyMGRhdGEtdGFyZ2V0JTNEJTIyX2JsYW5rJTIyJTIwY2xhc3MlM0QlMjJhdmFpYm9vay1zZWFyY2gtd2lkZ2V0JTIyJTIwZGF0YS13aWRnZXQtaWQlM0QlMjIzMjIwMSUyMiUyMGRhdGEtd2lkZ2V0LXRva2VuJTNEJTIyOFlrc3JFc2djQndoWTNsUWVjZDMlMkJ3JTNEJTNEJTIyJTIwZGF0YS1iYWNrZ3JvdW5kLWNvbG9yJTNEJTIyJTIzZmJmYmZiJTIyJTIwZGF0YS1tYWluLWNvbG9yJTNEJTIyJTIzOTY2OTMxJTIyJTIwZGF0YS1ib3JkZXItcmFkaXVzJTNEJTIyMHB4JTIyJTIwZGF0YS1zaGFkb3clM0QlMjIwJTIwMHB4JTIwMHB4JTIwcmdiJTI4MCUyMDAlMjAwJTIwJTJGJTIwMTYlMjUlMjklMjIlMjBkYXRhLXBhZGRpbmclM0QlMjIxcmVtJTIyJTIwZGF0YS1sYW5ndWFnZSUzRCUyMmVzJTIyJTNFJTNDJTJGZGl2JTNF[\/vc_raw_html][\/vc_column][\/vc_row][vc_row css_animation=\u00bb\u00bb row_type=\u00bbrow\u00bb use_row_as_full_screen_section=\u00bbno\u00bb type=\u00bbgrid\u00bb angled_section=\u00bbno\u00bb text_align=\u00bbleft\u00bb background_image_as_pattern=\u00bbwithout_pattern\u00bb padding_top=\u00bb105&#8243; padding_bottom=\u00bb25&#8243; z_index=\u00bb\u00bb anchor=\u00bbinici\u00bb css=\u00bb.vc_custom_1698746751923{margin-top: -50px !important;}\u00bb][vc_column width=\u00bb1\/3&#8243;][vc_column_text]<\/p>\n<p style=\"text-align: left; font-family: 'Kalam', sans-serif; font-size: 23px; color: #966931; font-weight: 400; line-height: 1;\">2 casas a elegir<\/p>\n<p>[\/vc_column_text][vc_empty_space height=\u00bb12px\u00bb][vc_column_text]<\/p>\n<h1>Casas de Turismo Rural en La Garrotxa<\/h1>\n<p>[\/vc_column_text][vc_empty_space height=\u00bb50px\u00bb][vc_column_text]2 opciones de turismo rural distintas. <strong>Mas El Carrer<\/strong> con 6 alojamientos y un jard\u00edn com\u00fan con piscina, barbacoa y zona de juegos infantil. <strong>Planademunt<\/strong> es una casa exclusiva para la gente que busca privacidad, tambi\u00e9n con un gran jard\u00edn y piscina privada.[\/vc_column_text][vc_empty_space height=\u00bb33px\u00bb]<a  itemprop=\"url\" href=\"\/es\/reservas\/\" target=\"_self\"  class=\"qbutton  default\" style=\"\">RESERVA AHORA<\/a>[vc_empty_space height=\u00bb50px\u00bb][\/vc_column][vc_column width=\u00bb1\/3&#8243;][vc_single_image image=\u00bb409&#8243; img_size=\u00bbfull\u00bb alignment=\u00bbcenter\u00bb qode_css_animation=\u00bb\u00bb][vc_empty_space height=\u00bb50&#8243;][vc_column_text]<\/p>\n<h2>Mas El Carrer<\/h2>\n<p>[\/vc_column_text][vc_empty_space height=\u00bb10&#8243;][vc_column_text]<strong>6 ALOJAMIENTOS INDEPENDIENTES<br \/>\nM\u00c1XIMO 28 PERSONAS<\/strong>[\/vc_column_text][vc_separator type=\u00bbnormal\u00bb color=\u00bb#000000&#8243; thickness=\u00bb1&#8243; up=\u00bb25&#8243; down=\u00bb25&#8243;][vc_column_text]<strong>Mas El Carrer<\/strong> es una mas\u00eda del siglo XVI situada en medio del valle dels Arcs, bajo la sierra de Finestres, en el <strong>Parque Natural de la Zona Volc\u00e1nica de La Garrotxa<\/strong>. La mas\u00eda, perfectamente restaurada y equipada, ideal para realizar <strong>turismo rural<\/strong>, ha sido rehabilitada en <strong>apartamentos de 2 y 3 habitaciones<\/strong>. Dispone tambi\u00e9n de una casa independiente, <strong>La Cabana<\/strong>, un antiguo pajar reformado y rehabilitado con todas las comodidades. Ven a disfrutar de la tranquilidad que encontrar\u00e1 en nuestros parajes.[\/vc_column_text][vc_separator type=\u00bbnormal\u00bb color=\u00bb#000000&#8243; thickness=\u00bb1&#8243; up=\u00bb25&#8243; down=\u00bb25&#8243;]<a  itemprop=\"url\" href=\"\/es\/casa-de-turismo-rural-mas-el-carrer\/\" target=\"_self\"  class=\"qbutton  default\" style=\"\">M\u00c1S INFORMACI\u00d3N<\/a>[vc_empty_space height=\u00bb50px\u00bb][\/vc_column][vc_column width=\u00bb1\/3&#8243;][vc_single_image image=\u00bb495&#8243; img_size=\u00bbfull\u00bb alignment=\u00bbcenter\u00bb qode_css_animation=\u00bb\u00bb][vc_empty_space height=\u00bb50&#8243;][vc_column_text]<\/p>\n<h2>Planademunt<\/h2>\n<p>[\/vc_column_text][vc_empty_space height=\u00bb10&#8243;][vc_column_text]<strong>CASA PRIVADA EXCLUSIVA<br \/>\nM\u00c1XIMO 8 PERSONAS<\/strong>[\/vc_column_text][vc_separator type=\u00bbnormal\u00bb color=\u00bb#000000&#8243; thickness=\u00bb1&#8243; up=\u00bb25&#8243; down=\u00bb25&#8243;][vc_column_text]<strong>Casa r\u00fastica completamente independiente<\/strong> en medio del <strong>Parque Natural de la Zona Volc\u00e1nica de La Garrotxa<\/strong>, con <strong>3 habitaciones<\/strong>, <strong>sof\u00e1 cama<\/strong> , <strong>sala de estar comedor<\/strong> con estufa de le\u00f1a, <strong>cocina completamente equipada<\/strong>, <strong>ba\u00f1o completo<\/strong> y <strong>lavabo<\/strong>, distribuida en 3 plantas. A 300 metros de los apartamentos de Mas El Carrer, a 5 minutos del pueblo medieval de <strong>Santa Pau<\/strong>\u00a0ya 15 minutos de la ciudad de <strong>Olot<\/strong>. Dispone de un <strong>jard\u00edn<\/strong> muy grande con <strong>piscina privada<\/strong>. Tambi\u00e9n tiene Wi-Fi y parking gratuito.[\/vc_column_text][vc_separator type=\u00bbnormal\u00bb color=\u00bb#000000&#8243; thickness=\u00bb1&#8243; up=\u00bb25&#8243; down=\u00bb25&#8243;]<a  itemprop=\"url\" href=\"\/es\/casa-de-turismo-rural-planademunt\/\" target=\"_self\"  class=\"qbutton  default\" style=\"\">M\u00c1S INFORMACI\u00d3N<\/a>[\/vc_column][\/vc_row][vc_row css_animation=\u00bb\u00bb row_type=\u00bbrow\u00bb use_row_as_full_screen_section=\u00bbno\u00bb type=\u00bbfull_width\u00bb angled_section=\u00bbno\u00bb text_align=\u00bbleft\u00bb background_image_as_pattern=\u00bbwithout_pattern\u00bb][vc_column][vc_separator type=\u00bbnormal\u00bb color=\u00bb#000000&#8243; thickness=\u00bb1&#8243; up=\u00bb0&#8243; down=\u00bb0&#8243;][\/vc_column][\/vc_row][vc_row css_animation=\u00bb\u00bb row_type=\u00bbrow\u00bb use_row_as_full_screen_section=\u00bbno\u00bb type=\u00bbgrid\u00bb angled_section=\u00bbno\u00bb text_align=\u00bbleft\u00bb background_image_as_pattern=\u00bbwithout_pattern\u00bb padding_top=\u00bb75&#8243; padding_bottom=\u00bb25&#8243; z_index=\u00bb\u00bb][vc_column][vc_column_text]<\/p>\n<p style=\"text-align: left; font-family: 'Kalam', sans-serif; font-size: 23px; color: #966931; font-weight: 400; line-height: 1;\">Turismo rural en el coraz\u00f3n de La Garrotxa<\/p>\n<p>[\/vc_column_text][vc_empty_space height=\u00bb12px\u00bb][vc_column_text]<\/p>\n<h2>Al\u00f3jate en Mas El Carrer<\/h2>\n<p>[\/vc_column_text][vc_empty_space height=\u00bb12px\u00bb][vc_column_text]<strong>6 apartamentos<\/strong> a elegir seg\u00fan tus necesidades, de <strong>2 y 3 habitaciones<\/strong>. Gran <strong>jard\u00edn comunitario<\/strong> con <strong>piscina<\/strong>, <strong>2 barbacoas<\/strong> y <strong>zona de juegos infantil<\/strong>.[\/vc_column_text][vc_empty_space height=\u00bb75px\u00bb][vc_row_inner row_type=\u00bbrow\u00bb type=\u00bbfull_width\u00bb text_align=\u00bbleft\u00bb css_animation=\u00bb\u00bb][vc_column_inner width=\u00bb1\/6&#8243; offset=\u00bbvc_col-lg-2 vc_col-md-6 vc_col-xs-6&#8243;][vc_single_image image=\u00bb838&#8243; img_size=\u00bbfull\u00bb qode_css_animation=\u00bb\u00bb][vc_empty_space height=\u00bb25&#8243;][vc_column_text]<\/p>\n<h3>La Cabana<\/h3>\n<p>[\/vc_column_text][vc_empty_space height=\u00bb10px\u00bb][vc_column_text]3 HABITACIONES<br \/>\n6-7 PERSONAS[\/vc_column_text][vc_empty_space height=\u00bb20px\u00bb]<a  itemprop=\"url\" href=\"\/es\/casa-de-turismo-rural-mas-el-carrer\/#la-cabana\" target=\"_self\"  class=\"qbutton  default\" style=\"\">+ INFO<\/a>[vc_empty_space height=\u00bb50px\u00bb][\/vc_column_inner][vc_column_inner width=\u00bb1\/6&#8243; offset=\u00bbvc_col-lg-2 vc_col-md-6 vc_col-xs-6&#8243;][vc_single_image image=\u00bb822&#8243; img_size=\u00bbfull\u00bb qode_css_animation=\u00bb\u00bb][vc_empty_space height=\u00bb25&#8243;][vc_column_text]<\/p>\n<h3>Baixos<\/h3>\n<p>[\/vc_column_text][vc_empty_space height=\u00bb10px\u00bb][vc_column_text]3 HABITACIONES<br \/>\n6-7 PERSONAS[\/vc_column_text][vc_empty_space height=\u00bb20px\u00bb]<a  itemprop=\"url\" href=\"\/es\/casa-de-turismo-rural-mas-el-carrer\/#baixos\" target=\"_self\"  class=\"qbutton  default\" style=\"\">+ INFO<\/a>[vc_empty_space height=\u00bb50px\u00bb][\/vc_column_inner][vc_column_inner width=\u00bb1\/6&#8243; offset=\u00bbvc_col-lg-2 vc_col-md-6 vc_col-xs-6&#8243;][vc_single_image image=\u00bb842&#8243; img_size=\u00bbfull\u00bb qode_css_animation=\u00bb\u00bb][vc_empty_space height=\u00bb25&#8243;][vc_column_text]<\/p>\n<h3>Verd<\/h3>\n<p>[\/vc_column_text][vc_empty_space height=\u00bb10px\u00bb][vc_column_text]2 HABITACIONES<br \/>\n4-5 PERSONAS[\/vc_column_text][vc_empty_space height=\u00bb20px\u00bb]<a  itemprop=\"url\" href=\"\/es\/casa-de-turismo-rural-mas-el-carrer\/#verd\" target=\"_self\"  class=\"qbutton  default\" style=\"\">+ INFO<\/a>[vc_empty_space height=\u00bb50px\u00bb][\/vc_column_inner][vc_column_inner width=\u00bb1\/6&#8243; offset=\u00bbvc_col-lg-2 vc_col-md-6 vc_col-xs-6&#8243;][vc_single_image image=\u00bb834&#8243; img_size=\u00bbfull\u00bb qode_css_animation=\u00bb\u00bb][vc_empty_space height=\u00bb25&#8243;][vc_column_text]<\/p>\n<h3>Groc<\/h3>\n<p>[\/vc_column_text][vc_empty_space height=\u00bb10px\u00bb][vc_column_text]2 HABITACIONES<br \/>\n4 PERSONAS[\/vc_column_text][vc_empty_space height=\u00bb20px\u00bb]<a  itemprop=\"url\" href=\"\/es\/casa-de-turismo-rural-mas-el-carrer\/#groc\" target=\"_self\"  class=\"qbutton  default\" style=\"\">+ INFO<\/a>[vc_empty_space height=\u00bb50px\u00bb][\/vc_column_inner][vc_column_inner width=\u00bb1\/6&#8243; offset=\u00bbvc_col-lg-2 vc_col-md-6 vc_col-xs-6&#8243;][vc_single_image image=\u00bb830&#8243; img_size=\u00bbfull\u00bb qode_css_animation=\u00bb\u00bb][vc_empty_space height=\u00bb25&#8243;][vc_column_text]<\/p>\n<h3>Blau<\/h3>\n<p>[\/vc_column_text][vc_empty_space height=\u00bb10px\u00bb][vc_column_text]2 HABITACIONES<br \/>\n4-5 PERSONAS[\/vc_column_text][vc_empty_space height=\u00bb20px\u00bb]<a  itemprop=\"url\" href=\"\/es\/casa-de-turismo-rural-mas-el-carrer\/#blau\" target=\"_self\"  class=\"qbutton  default\" style=\"\">+ INFO<\/a>[vc_empty_space height=\u00bb50px\u00bb][\/vc_column_inner][vc_column_inner width=\u00bb1\/6&#8243; offset=\u00bbvc_col-lg-2 vc_col-md-6 vc_col-xs-6&#8243;][vc_single_image image=\u00bb826&#8243; img_size=\u00bbfull\u00bb qode_css_animation=\u00bb\u00bb][vc_empty_space height=\u00bb25&#8243;][vc_column_text]<\/p>\n<h3>Blanc<\/h3>\n<p>[\/vc_column_text][vc_empty_space height=\u00bb10px\u00bb][vc_column_text]2 HABITACIONES<br \/>\n4 PERSONAS[\/vc_column_text][vc_empty_space height=\u00bb20px\u00bb]<a  itemprop=\"url\" href=\"\/es\/casa-de-turismo-rural-mas-el-carrer\/#blanc\" target=\"_self\"  class=\"qbutton  default\" style=\"\">+ INFO<\/a>[vc_empty_space height=\u00bb50px\u00bb][\/vc_column_inner][\/vc_row_inner][\/vc_column][\/vc_row][vc_row css_animation=\u00bb\u00bb row_type=\u00bbrow\u00bb use_row_as_full_screen_section=\u00bbno\u00bb type=\u00bbfull_width\u00bb angled_section=\u00bbno\u00bb text_align=\u00bbleft\u00bb background_image_as_pattern=\u00bbwithout_pattern\u00bb][vc_column][vc_separator type=\u00bbnormal\u00bb color=\u00bb#000000&#8243; thickness=\u00bb1&#8243; up=\u00bb0&#8243; down=\u00bb0&#8243;][\/vc_column][\/vc_row][vc_row css_animation=\u00bb\u00bb row_type=\u00bbrow\u00bb use_row_as_full_screen_section=\u00bbno\u00bb type=\u00bbgrid\u00bb angled_section=\u00bbno\u00bb text_align=\u00bbleft\u00bb background_image_as_pattern=\u00bbwithout_pattern\u00bb padding_top=\u00bb75&#8243; padding_bottom=\u00bb0&#8243; z_index=\u00bb\u00bb css=\u00bb.vc_custom_1697109439519{background-position: center !important;background-repeat: no-repeat !important;background-size: contain !important;}\u00bb][vc_column width=\u00bb1\/3&#8243;][vc_column_text]<\/p>\n<p style=\"text-align: left; font-family: 'Kalam', sans-serif; font-size: 23px; color: #966931; font-weight: 400; line-height: 1;\">Exclusividades y privacidad<\/p>\n<p>[\/vc_column_text][vc_empty_space height=\u00bb12px\u00bb][vc_column_text]<\/p>\n<h2>Al\u00f3jate en Planademunt<\/h2>\n<p>[\/vc_column_text][vc_empty_space height=\u00bb12px\u00bb][vc_column_text]<strong>Casa completamente independiente<\/strong> reci\u00e9n reformada a 350 metros de Mas El Carrer, con <strong>3 habitaciones<\/strong>, <strong>comedor<\/strong>, <strong>cocina<\/strong>, <strong>2 ba\u00f1os<\/strong> y <strong>jard\u00edn<\/strong> y <strong>piscina privada<\/strong>.[\/vc_column_text][vc_empty_space height=\u00bb75px\u00bb][vc_single_image image=\u00bb877&#8243; img_size=\u00bbfull\u00bb qode_css_animation=\u00bb\u00bb][vc_empty_space height=\u00bb25&#8243;][vc_column_text]<\/p>\n<h3>Planademunt<\/h3>\n<p>[\/vc_column_text][vc_empty_space height=\u00bb10px\u00bb][vc_column_text]3 HABITACIONES + SOF\u00c1 CAMA<br \/>\n6-8 PERSONAS[\/vc_column_text][vc_empty_space height=\u00bb20px\u00bb]<a  itemprop=\"url\" href=\"\/es\/casa-de-turismo-rural-planademunt\/\" target=\"_self\"  class=\"qbutton  default\" style=\"\">+ INFO<\/a>[vc_empty_space height=\u00bb75px\u00bb][\/vc_column][vc_column width=\u00bb2\/3&#8243;][vc_column_text]<\/p>\n<p style=\"text-align: left; font-family: 'Kalam', sans-serif; font-size: 23px; color: #966931; font-weight: 400; line-height: 1;\">\u00bfQu\u00e9 puedo hacer una vez en Mas El Carrer?<\/p>\n<p>[\/vc_column_text][vc_empty_space height=\u00bb12px\u00bb][vc_column_text]<\/p>\n<h2>Descubre<br \/>\nLa Garrotxa<\/h2>\n<p>[\/vc_column_text][vc_empty_space height=\u00bb12px\u00bb][vc_column_text]El <strong>Parque Natural de la Zona Volc\u00e1nica de La Garrotxa<\/strong> es el mejor exponente de paisaje volc\u00e1nico de la Pen\u00ednsula Ib\u00e9rica. Tiene una cuarentena de conos volc\u00e1nicos y m\u00e1s de 20 coladas de lava bas\u00e1ltica. En este entorno encontrar\u00e1s un mont\u00f3n de actividades por realizar. Desde el <strong>volc\u00e1n de Santa Margarida<\/strong>, en el <strong>Hageda de Jord\u00e0<\/strong>, pasando por <strong>Olot<\/strong> y <strong>Besal\u00fa<\/strong>, sin dejarnos, por supuesto, el pueblo medieval de <strong>Santa Pau<\/strong>.[\/vc_column_text][vc_empty_space height=\u00bb75px\u00bb][vc_row_inner row_type=\u00bbrow\u00bb type=\u00bbfull_width\u00bb text_align=\u00bbleft\u00bb css_animation=\u00bb\u00bb][vc_column_inner width=\u00bb1\/2&#8243;][vc_single_image image=\u00bb872&#8243; img_size=\u00bbfull\u00bb qode_css_animation=\u00bb\u00bb][vc_empty_space height=\u00bb25&#8243;][vc_column_text]<\/p>\n<h3>Fageda d&#8217;en Jord\u00e0<\/h3>\n<p>[\/vc_column_text][vc_empty_space height=\u00bb10px\u00bb][vc_column_text]La Fageda d&#8217;en Jord\u00e0, una de las 28 reservas naturales del Parque Natural, crece sobre una colada de lava del volc\u00e1n Croscat que se extiende por los municipios de Santa Pau, Olot y Les Preses.[\/vc_column_text][vc_empty_space height=\u00bb75&#8243;][\/vc_column_inner][vc_column_inner width=\u00bb1\/2&#8243;][vc_single_image image=\u00bb882&#8243; img_size=\u00bbfull\u00bb qode_css_animation=\u00bb\u00bb][vc_empty_space height=\u00bb25&#8243;][vc_column_text]<\/p>\n<h3>Besal\u00fa<\/h3>\n<p>[\/vc_column_text][vc_empty_space height=\u00bb10px\u00bb][vc_column_text]La villa de Besal\u00fa est\u00e1 situada en un importante y tradicional cruce de caminos al este de La Garrotxa. El majestuoso puente rom\u00e1nico sobre el r\u00edo Fluvi\u00e0 es uno de los atractivos de este pueblo.[\/vc_column_text][vc_empty_space height=\u00bb75&#8243;][\/vc_column_inner][\/vc_row_inner]<a  itemprop=\"url\" href=\"\/es\/que-hacer-en-la-garrotxa\/\" target=\"_self\"  class=\"qbutton  default\" style=\"\">+ LUGARES PARA VER EN LA GARROTXA<\/a>[vc_empty_space height=\u00bb25&#8243;][\/vc_column][\/vc_row][vc_row css_animation=\u00bb\u00bb row_type=\u00bbrow\u00bb use_row_as_full_screen_section=\u00bbno\u00bb type=\u00bbfull_width\u00bb angled_section=\u00bbno\u00bb text_align=\u00bbleft\u00bb background_image_as_pattern=\u00bbwithout_pattern\u00bb z_index=\u00bb\u00bb padding_top=\u00bb0&#8243; padding_bottom=\u00bb0&#8243;][vc_column][vc_single_image image=\u00bb903&#8243; img_size=\u00bbfull\u00bb alignment=\u00bbcenter\u00bb qode_css_animation=\u00bb\u00bb][\/vc_column][\/vc_row]<\/p>\n<\/div>","protected":false},"excerpt":{"rendered":"<p>[vc_row css_animation=\u00bb\u00bb row_type=\u00bbrow\u00bb use_row_as_full_screen_section=\u00bbno\u00bb type=\u00bbfull_width\u00bb angled_section=\u00bbno\u00bb text_align=\u00bbleft\u00bb background_image_as_pattern=\u00bbwithout_pattern\u00bb z_index=\u00bb\u00bb padding_bottom=\u00bb0&#8243;][vc_column][vc_gallery interval=\u00bb15&#8243; images=\u00bb1912,964&#8243; img_size=\u00bbfull\u00bb onclick=\u00bb\u00bb direction_nav=\u00bbyes\u00bb control_nav=\u00bbno\u00bb][\/vc_column][\/vc_row][vc_row css_animation=\u00bb\u00bb row_type=\u00bbrow\u00bb use_row_as_full_screen_section=\u00bbno\u00bb type=\u00bbgrid\u00bb angled_section=\u00bbno\u00bb text_align=\u00bbleft\u00bb background_image_as_pattern=\u00bbwithout_pattern\u00bb z_index=\u00bb\u00bb el_class=\u00bbposicio\u00bb padding_top=\u00bb0&#8243; padding_bottom=\u00bb0&#8243; css=\u00bb.vc_custom_1698746685345{margin-top: -25px !important;}\u00bb][vc_column offset=\u00bbvc_hidden-md vc_hidden-sm vc_hidden-xs\u00bb][vc_raw_html]JTNDc2NyaXB0JTIwdHlwZSUzRCUyMnRleHQlMkZqYXZhc2NyaXB0JTIyJTIwc3JjJTNEJTIyaHR0cHMlM0ElMkYlMkZib29rb25saW5lLnBybyUyRndpZGdldHMlMkZzZWFyY2glMkZkaXN0JTJGaW5kZXguanMlMjIlMjBkZWZlciUzRSUzQyUyRnNjcmlwdCUzRSUwQSUyMCUyMCUyMCUyMCUzQ2RpdiUyMGRhdGEtYWNjb21tb2RhdGlvbnMtZmlsdGVyJTNEJTIybm9uZSUyMiUyMGRhdGEtdGFyZ2V0JTNEJTIyX2JsYW5rJTIyJTIwY2xhc3MlM0QlMjJhdmFpYm9vay1zZWFyY2gtd2lkZ2V0JTIyJTIwZGF0YS13aWRnZXQtaWQlM0QlMjIzMjIwMSUyMiUyMGRhdGEtd2lkZ2V0LXRva2VuJTNEJTIyOFlrc3JFc2djQndoWTNsUWVjZDMlMkJ3JTNEJTNEJTIyJTIwZGF0YS1iYWNrZ3JvdW5kLWNvbG9yJTNEJTIyJTIzZmJmYmZiJTIyJTIwZGF0YS1tYWluLWNvbG9yJTNEJTIyJTIzOTY2OTMxJTIyJTIwZGF0YS1ib3JkZXItcmFkaXVzJTNEJTIyMHB4JTIyJTIwZGF0YS1zaGFkb3clM0QlMjIwJTIwMHB4JTIwMHB4JTIwcmdiJTI4MCUyMDAlMjAwJTIwJTJGJTIwMTYlMjUlMjklMjIlMjBkYXRhLXBhZGRpbmclM0QlMjIxcmVtJTIyJTIwZGF0YS1sYW5ndWFnZSUzRCUyMmVzJTIyJTNFJTNDJTJGZGl2JTNF[\/vc_raw_html][\/vc_column][\/vc_row][vc_row css_animation=\u00bb\u00bb row_type=\u00bbrow\u00bb use_row_as_full_screen_section=\u00bbno\u00bb type=\u00bbgrid\u00bb angled_section=\u00bbno\u00bb text_align=\u00bbleft\u00bb background_image_as_pattern=\u00bbwithout_pattern\u00bb padding_top=\u00bb105&#8243; padding_bottom=\u00bb25&#8243; z_index=\u00bb\u00bb anchor=\u00bbinici\u00bb css=\u00bb.vc_custom_1698746751923{margin-top:&hellip; <a class=\"continue\" href=\"https:\/\/www.maselcarrer.com\/es\/\">CONTINUAR >><span> Inicio<\/span><\/a><\/p>\n","protected":false},"author":1,"featured_media":0,"parent":0,"menu_order":0,"comment_status":"closed","ping_status":"closed","template":"full_width.php","meta":{"_joinchat":[],"footnotes":""},"class_list":["post-1480","page","type-page","status-publish","hentry"],"_links":{"self":[{"href":"https:\/\/www.maselcarrer.com\/es\/wp-json\/wp\/v2\/pages\/1480","targetHints":{"allow":["GET"]}}],"collection":[{"href":"https:\/\/www.maselcarrer.com\/es\/wp-json\/wp\/v2\/pages"}],"about":[{"href":"https:\/\/www.maselcarrer.com\/es\/wp-json\/wp\/v2\/types\/page"}],"author":[{"embeddable":true,"href":"https:\/\/www.maselcarrer.com\/es\/wp-json\/wp\/v2\/users\/1"}],"replies":[{"embeddable":true,"href":"https:\/\/www.maselcarrer.com\/es\/wp-json\/wp\/v2\/comments?post=1480"}],"version-history":[{"count":8,"href":"https:\/\/www.maselcarrer.com\/es\/wp-json\/wp\/v2\/pages\/1480\/revisions"}],"predecessor-version":[{"id":1914,"href":"https:\/\/www.maselcarrer.com\/es\/wp-json\/wp\/v2\/pages\/1480\/revisions\/1914"}],"wp:attachment":[{"href":"https:\/\/www.maselcarrer.com\/es\/wp-json\/wp\/v2\/media?parent=1480"}],"curies":[{"name":"wp","href":"https:\/\/api.w.org\/{rel}","templated":true}]}}